{"id":106,"date":"2017-08-02T17:23:42","date_gmt":"2017-08-02T15:23:42","guid":{"rendered":"http:\/\/babad.fr\/?page_id=106"},"modified":"2017-08-31T12:35:37","modified_gmt":"2017-08-31T10:35:37","slug":"notre-gymnase","status":"publish","type":"page","link":"https:\/\/babad.fr\/index.php\/le-club\/notre-gymnase\/","title":{"rendered":"Notre Gymnase"},"content":{"rendered":"<p>Le gymnase des Combettes se situe \u00e0 droite au sommet de la mont\u00e9e de Peyrela :<\/p>\n<p>[wpgmza id=\u00a0\u00bb1&Prime;]<\/p>\n<p>&nbsp;<\/p>\n<p><img loading=\"lazy\" decoding=\"async\" class=\"size-large wp-image-227 aligncenter\" src=\"https:\/\/babad.fr\/wp-content\/uploads\/2017\/08\/IMG_20170804_183811-1024x768.jpg\" alt=\"\" width=\"640\" height=\"480\" srcset=\"https:\/\/babad.fr\/wp-content\/uploads\/2017\/08\/IMG_20170804_183811-1024x768.jpg 1024w, https:\/\/babad.fr\/wp-content\/uploads\/2017\/08\/IMG_20170804_183811-300x225.jpg 300w, https:\/\/babad.fr\/wp-content\/uploads\/2017\/08\/IMG_20170804_183811-768x576.jpg 768w, https:\/\/babad.fr\/wp-content\/uploads\/2017\/08\/IMG_20170804_183811-128x96.jpg 128w, https:\/\/babad.fr\/wp-content\/uploads\/2017\/08\/IMG_20170804_183811-32x24.jpg 32w, https:\/\/babad.fr\/wp-content\/uploads\/2017\/08\/IMG_20170804_183811-800x600.jpg 800w\" sizes=\"(max-width: 640px) 100vw, 640px\" \/><\/p>\n<p>&nbsp;<\/p>\n<p>Il comporte 4 terrains de Badminton.<\/p>\n","protected":false},"excerpt":{"rendered":"<p>Le gymnase des Combettes se situe \u00e0 droite au sommet de la mont\u00e9e de Peyrela : [wpgmza id=\u00a0\u00bb1&Prime;] &nbsp; &nbsp; Il comporte 4 terrains de Badminton.<\/p>\n","protected":false},"author":1,"featured_media":0,"parent":77,"menu_order":5,"comment_status":"closed","ping_status":"closed","template":"","meta":{"footnotes":""},"yoast_head":"<!-- This site is optimized with the Yoast SEO plugin v21.7 - https:\/\/yoast.com\/wordpress\/plugins\/seo\/ -->\n<title>Notre Gymnase - B-A Bad des Commiers (BBC38)<\/title>\n<meta name=\"robots\" content=\"index, follow, max-snippet:-1, max-image-preview:large, max-video-preview:-1\" \/>\n<link rel=\"canonical\" href=\"https:\/\/babad.fr\/index.php\/le-club\/notre-gymnase\/\" \/>\n<meta property=\"og:locale\" content=\"fr_FR\" \/>\n<meta property=\"og:type\" content=\"article\" \/>\n<meta property=\"og:title\" content=\"Notre Gymnase - B-A Bad des Commiers (BBC38)\" \/>\n<meta property=\"og:description\" content=\"Le gymnase des Combettes se situe \u00e0 droite au sommet de la mont\u00e9e de Peyrela : [wpgmza id=\u00a0\u00bb1&Prime;] &nbsp; &nbsp; Il comporte 4 terrains de Badminton.\" \/>\n<meta property=\"og:url\" content=\"https:\/\/babad.fr\/index.php\/le-club\/notre-gymnase\/\" \/>\n<meta property=\"og:site_name\" content=\"B-A Bad des Commiers (BBC38)\" \/>\n<meta property=\"article:modified_time\" content=\"2017-08-31T10:35:37+00:00\" \/>\n<meta property=\"og:image\" content=\"http:\/\/babad.fr\/wp-content\/uploads\/2017\/08\/IMG_20170804_183811-1024x768.jpg\" \/>\n<meta name=\"twitter:card\" content=\"summary_large_image\" \/>\n<script type=\"application\/ld+json\" class=\"yoast-schema-graph\">{\"@context\":\"https:\/\/schema.org\",\"@graph\":[{\"@type\":\"WebPage\",\"@id\":\"https:\/\/babad.fr\/index.php\/le-club\/notre-gymnase\/\",\"url\":\"https:\/\/babad.fr\/index.php\/le-club\/notre-gymnase\/\",\"name\":\"Notre Gymnase - B-A Bad des Commiers (BBC38)\",\"isPartOf\":{\"@id\":\"https:\/\/babad.fr\/#website\"},\"datePublished\":\"2017-08-02T15:23:42+00:00\",\"dateModified\":\"2017-08-31T10:35:37+00:00\",\"breadcrumb\":{\"@id\":\"https:\/\/babad.fr\/index.php\/le-club\/notre-gymnase\/#breadcrumb\"},\"inLanguage\":\"fr-FR\",\"potentialAction\":[{\"@type\":\"ReadAction\",\"target\":[\"https:\/\/babad.fr\/index.php\/le-club\/notre-gymnase\/\"]}]},{\"@type\":\"BreadcrumbList\",\"@id\":\"https:\/\/babad.fr\/index.php\/le-club\/notre-gymnase\/#breadcrumb\",\"itemListElement\":[{\"@type\":\"ListItem\",\"position\":1,\"name\":\"Accueil\",\"item\":\"https:\/\/babad.fr\/\"},{\"@type\":\"ListItem\",\"position\":2,\"name\":\"Le Club\",\"item\":\"https:\/\/babad.fr\/index.php\/le-club\/\"},{\"@type\":\"ListItem\",\"position\":3,\"name\":\"Notre Gymnase\"}]},{\"@type\":\"WebSite\",\"@id\":\"https:\/\/babad.fr\/#website\",\"url\":\"https:\/\/babad.fr\/\",\"name\":\"B-A Bad des Commiers (BBC38)\",\"description\":\"Le club de badminton de Saint Georges de Commiers, affili\u00e9 \u00e0 la f\u00e9d\u00e9ration fran\u00e7aise de badminton, vous accueille au gymnase des Combettes tous les mercredis, jeudis et vendredis soirs et le samedi matin et met \u00e0 votre disposition 4 terrains pour jouer en loisirs ou en comp\u00e9tition.\",\"publisher\":{\"@id\":\"https:\/\/babad.fr\/#\/schema\/person\/e8a11ed124097a9c25882474f5a403d5\"},\"potentialAction\":[{\"@type\":\"SearchAction\",\"target\":{\"@type\":\"EntryPoint\",\"urlTemplate\":\"https:\/\/babad.fr\/?s={search_term_string}\"},\"query-input\":\"required name=search_term_string\"}],\"inLanguage\":\"fr-FR\"},{\"@type\":[\"Person\",\"Organization\"],\"@id\":\"https:\/\/babad.fr\/#\/schema\/person\/e8a11ed124097a9c25882474f5a403d5\",\"name\":\"babad\",\"image\":{\"@type\":\"ImageObject\",\"inLanguage\":\"fr-FR\",\"@id\":\"https:\/\/babad.fr\/#\/schema\/person\/image\/\",\"url\":\"https:\/\/secure.gravatar.com\/avatar\/b83764d372c273528312bec210c5a854?s=96&d=mm&r=g\",\"contentUrl\":\"https:\/\/secure.gravatar.com\/avatar\/b83764d372c273528312bec210c5a854?s=96&d=mm&r=g\",\"caption\":\"babad\"},\"logo\":{\"@id\":\"https:\/\/babad.fr\/#\/schema\/person\/image\/\"}}]}<\/script>\n<!-- \/ Yoast SEO plugin. -->","yoast_head_json":{"title":"Notre Gymnase - B-A Bad des Commiers (BBC38)","robots":{"index":"index","follow":"follow","max-snippet":"max-snippet:-1","max-image-preview":"max-image-preview:large","max-video-preview":"max-video-preview:-1"},"canonical":"https:\/\/babad.fr\/index.php\/le-club\/notre-gymnase\/","og_locale":"fr_FR","og_type":"article","og_title":"Notre Gymnase - B-A Bad des Commiers (BBC38)","og_description":"Le gymnase des Combettes se situe \u00e0 droite au sommet de la mont\u00e9e de Peyrela : [wpgmza id=\u00a0\u00bb1&Prime;] &nbsp; &nbsp; Il comporte 4 terrains de Badminton.","og_url":"https:\/\/babad.fr\/index.php\/le-club\/notre-gymnase\/","og_site_name":"B-A Bad des Commiers (BBC38)","article_modified_time":"2017-08-31T10:35:37+00:00","og_image":[{"url":"http:\/\/babad.fr\/wp-content\/uploads\/2017\/08\/IMG_20170804_183811-1024x768.jpg"}],"twitter_card":"summary_large_image","schema":{"@context":"https:\/\/schema.org","@graph":[{"@type":"WebPage","@id":"https:\/\/babad.fr\/index.php\/le-club\/notre-gymnase\/","url":"https:\/\/babad.fr\/index.php\/le-club\/notre-gymnase\/","name":"Notre Gymnase - B-A Bad des Commiers (BBC38)","isPartOf":{"@id":"https:\/\/babad.fr\/#website"},"datePublished":"2017-08-02T15:23:42+00:00","dateModified":"2017-08-31T10:35:37+00:00","breadcrumb":{"@id":"https:\/\/babad.fr\/index.php\/le-club\/notre-gymnase\/#breadcrumb"},"inLanguage":"fr-FR","potentialAction":[{"@type":"ReadAction","target":["https:\/\/babad.fr\/index.php\/le-club\/notre-gymnase\/"]}]},{"@type":"BreadcrumbList","@id":"https:\/\/babad.fr\/index.php\/le-club\/notre-gymnase\/#breadcrumb","itemListElement":[{"@type":"ListItem","position":1,"name":"Accueil","item":"https:\/\/babad.fr\/"},{"@type":"ListItem","position":2,"name":"Le Club","item":"https:\/\/babad.fr\/index.php\/le-club\/"},{"@type":"ListItem","position":3,"name":"Notre Gymnase"}]},{"@type":"WebSite","@id":"https:\/\/babad.fr\/#website","url":"https:\/\/babad.fr\/","name":"B-A Bad des Commiers (BBC38)","description":"Le club de badminton de Saint Georges de Commiers, affili\u00e9 \u00e0 la f\u00e9d\u00e9ration fran\u00e7aise de badminton, vous accueille au gymnase des Combettes tous les mercredis, jeudis et vendredis soirs et le samedi matin et met \u00e0 votre disposition 4 terrains pour jouer en loisirs ou en comp\u00e9tition.","publisher":{"@id":"https:\/\/babad.fr\/#\/schema\/person\/e8a11ed124097a9c25882474f5a403d5"},"potentialAction":[{"@type":"SearchAction","target":{"@type":"EntryPoint","urlTemplate":"https:\/\/babad.fr\/?s={search_term_string}"},"query-input":"required name=search_term_string"}],"inLanguage":"fr-FR"},{"@type":["Person","Organization"],"@id":"https:\/\/babad.fr\/#\/schema\/person\/e8a11ed124097a9c25882474f5a403d5","name":"babad","image":{"@type":"ImageObject","inLanguage":"fr-FR","@id":"https:\/\/babad.fr\/#\/schema\/person\/image\/","url":"https:\/\/secure.gravatar.com\/avatar\/b83764d372c273528312bec210c5a854?s=96&d=mm&r=g","contentUrl":"https:\/\/secure.gravatar.com\/avatar\/b83764d372c273528312bec210c5a854?s=96&d=mm&r=g","caption":"babad"},"logo":{"@id":"https:\/\/babad.fr\/#\/schema\/person\/image\/"}}]}},"_links":{"self":[{"href":"https:\/\/babad.fr\/index.php\/wp-json\/wp\/v2\/pages\/106"}],"collection":[{"href":"https:\/\/babad.fr\/index.php\/wp-json\/wp\/v2\/pages"}],"about":[{"href":"https:\/\/babad.fr\/index.php\/wp-json\/wp\/v2\/types\/page"}],"author":[{"embeddable":true,"href":"https:\/\/babad.fr\/index.php\/wp-json\/wp\/v2\/users\/1"}],"replies":[{"embeddable":true,"href":"https:\/\/babad.fr\/index.php\/wp-json\/wp\/v2\/comments?post=106"}],"version-history":[{"count":7,"href":"https:\/\/babad.fr\/index.php\/wp-json\/wp\/v2\/pages\/106\/revisions"}],"predecessor-version":[{"id":229,"href":"https:\/\/babad.fr\/index.php\/wp-json\/wp\/v2\/pages\/106\/revisions\/229"}],"up":[{"embeddable":true,"href":"https:\/\/babad.fr\/index.php\/wp-json\/wp\/v2\/pages\/77"}],"wp:attachment":[{"href":"https:\/\/babad.fr\/index.php\/wp-json\/wp\/v2\/media?parent=106"}],"curies":[{"name":"wp","href":"https:\/\/api.w.org\/{rel}","templated":true}]}}