{"id":160,"date":"2017-08-03T12:06:04","date_gmt":"2017-08-03T10:06:04","guid":{"rendered":"http:\/\/babad.fr\/?page_id=160"},"modified":"2017-08-03T12:12:08","modified_gmt":"2017-08-03T10:12:08","slug":"reglement-interieur","status":"publish","type":"page","link":"https:\/\/babad.fr\/index.php\/nous-rejoindre\/reglement-interieur\/","title":{"rendered":"R\u00e8glement Int\u00e9rieur"},"content":{"rendered":"<p>Le r\u00e8glement int\u00e9rieur s&rsquo;applique \u00e0 tous les membres du club sans exception. Nul ne pourra s&rsquo;y soustraire puisqu&rsquo;il est sign\u00e9 par chacun lors de l&rsquo;adh\u00e9sion.<\/p>\n<p><strong><u>Horaires<\/u><\/strong><\/p>\n<ul>\n<li>Chaque joueur respecte les horaires des cr\u00e9neaux, et sort sur l\u2019arri\u00e8re du gymnase (c\u00f4t\u00e9 buvette) en faisant le moins de bruit possible et ce, quelle que soit l&rsquo;heure de sa sortie.<\/li>\n<li>Il respecte l\u2019entra\u00eeneur pour que le cours se passe sans encombre et lors d\u2019une inscription aux entrainements, l\u2019assiduit\u00e9 est de mise.<\/li>\n<li>Lors d\u2019une \u00e9ventuelle absence \u00e0 l\u2019entrainement, il pr\u00e9vient un membre du bureau.<\/li>\n<\/ul>\n<p><strong><u>Mat\u00e9riel<\/u><\/strong><\/p>\n<ul>\n<li>L\u2019activit\u00e9 commence par le <strong>montage<\/strong> des poteaux et des filets et se termine par leur <strong>d\u00e9montage<\/strong> et leur rangement. Les nouveaux licenci\u00e9s n\u2019h\u00e9siteront pas \u00e0 demander aux anciens licenci\u00e9s o\u00f9 trouver et ranger le mat\u00e9riel.<\/li>\n<li>Cette installation est l\u2019affaire de tous, il est donc important que chacun y participe.<\/li>\n<li>En fin de s\u00e9ance, chaque joueur ramasse et jette les volants usag\u00e9s et aide au <strong>passage du balai<\/strong>.<\/li>\n<li>Chaque joueur est responsable du mat\u00e9riel qui lui est confi\u00e9 lors des s\u00e9ances d\u2019entra\u00eenement.<\/li>\n<li>Des volants plastiques peuvent \u00eatre mis \u00e0 disposition: ils doivent \u00eatre restitu\u00e9s en fin de s\u00e9ance.<\/li>\n<li>Il appartient \u00e0 chaque joueur d\u2019acqu\u00e9rir sa raquette. Le club peut pr\u00eater une raquette aux d\u00e9butants en d\u00e9but de saison, dans l\u2019attente d\u2019une acquisition personnelle.<\/li>\n<\/ul>\n<p><strong><u>Gymnase<\/u><\/strong><\/p>\n<ul>\n<li>Chaque joueur doit se pr\u00e9senter, sur les terrains, muni d\u2019<strong>une paire de chaussures de sport de salle non marquantes et <\/strong>exclusivement utilis\u00e9es pour la pratique en salle (pas de chaussures de running !), ainsi qu\u2019une tenue vestimentaire appropri\u00e9e. Le joueur n\u2019arrivera pas de l\u2019ext\u00e9rieur avec ses chaussures de salle aux pieds.<\/li>\n<li>Lors de son arriv\u00e9e, chaque joueur doit s\u2019\u00e9chauffer en cons\u00e9quence afin d\u2019\u00eatre dans les meilleures conditions physiques d\u00e8s son entr\u00e9e sur les terrains et ainsi limiter au maximum le risque de blessure.<\/li>\n<\/ul>\n<p><strong><u>\u00c9tat d&rsquo;esprit<\/u><\/strong><\/p>\n<ul>\n<li>Le club se doit d\u2019\u00eatre une association respectueuse d\u2019un bon esprit sportif.<\/li>\n<li>Pour respecter l\u2019esprit convivial de l\u2019association lors des s\u00e9ances de jeu libre, il est important de faire jouer tout adh\u00e9rent pr\u00e9sent \u00e0 l\u2019entra\u00eenement. Chacun s\u2019engage \u00e0 disputer des parties avec et contre le maximum de personnes.<\/li>\n<li>En cas d\u2019affluence, une rotation raisonnable sera mise en place\u00a0: maximum de 2 sets, \u00e9ventuellement en 15 points.<\/li>\n<\/ul>\n","protected":false},"excerpt":{"rendered":"<p>Le r\u00e8glement int\u00e9rieur s&rsquo;applique \u00e0 tous les membres du club sans exception. Nul ne pourra s&rsquo;y soustraire puisqu&rsquo;il est sign\u00e9 par chacun lors de l&rsquo;adh\u00e9sion. Horaires Chaque joueur respecte les horaires des cr\u00e9neaux, et sort sur l\u2019arri\u00e8re du gymnase (c\u00f4t\u00e9 buvette) en faisant le moins de bruit possible et ce, quelle que soit l&rsquo;heure de [&hellip;]<\/p>\n","protected":false},"author":1,"featured_media":0,"parent":123,"menu_order":2,"comment_status":"closed","ping_status":"closed","template":"","meta":{"footnotes":""},"yoast_head":"<!-- This site is optimized with the Yoast SEO plugin v21.7 - https:\/\/yoast.com\/wordpress\/plugins\/seo\/ -->\n<title>R\u00e8glement Int\u00e9rieur - B-A Bad des Commiers (BBC38)<\/title>\n<meta name=\"robots\" content=\"index, follow, max-snippet:-1, max-image-preview:large, max-video-preview:-1\" \/>\n<link rel=\"canonical\" href=\"https:\/\/babad.fr\/index.php\/nous-rejoindre\/reglement-interieur\/\" \/>\n<meta property=\"og:locale\" content=\"fr_FR\" \/>\n<meta property=\"og:type\" content=\"article\" \/>\n<meta property=\"og:title\" content=\"R\u00e8glement Int\u00e9rieur - B-A Bad des Commiers (BBC38)\" \/>\n<meta property=\"og:description\" content=\"Le r\u00e8glement int\u00e9rieur s&rsquo;applique \u00e0 tous les membres du club sans exception. Nul ne pourra s&rsquo;y soustraire puisqu&rsquo;il est sign\u00e9 par chacun lors de l&rsquo;adh\u00e9sion. Horaires Chaque joueur respecte les horaires des cr\u00e9neaux, et sort sur l\u2019arri\u00e8re du gymnase (c\u00f4t\u00e9 buvette) en faisant le moins de bruit possible et ce, quelle que soit l&rsquo;heure de [&hellip;]\" \/>\n<meta property=\"og:url\" content=\"https:\/\/babad.fr\/index.php\/nous-rejoindre\/reglement-interieur\/\" \/>\n<meta property=\"og:site_name\" content=\"B-A Bad des Commiers (BBC38)\" \/>\n<meta property=\"article:modified_time\" content=\"2017-08-03T10:12:08+00:00\" \/>\n<meta name=\"twitter:card\" content=\"summary_large_image\" \/>\n<meta name=\"twitter:label1\" content=\"Dur\u00e9e de lecture estim\u00e9e\" \/>\n\t<meta name=\"twitter:data1\" content=\"2 minutes\" \/>\n<script type=\"application\/ld+json\" class=\"yoast-schema-graph\">{\"@context\":\"https:\/\/schema.org\",\"@graph\":[{\"@type\":\"WebPage\",\"@id\":\"https:\/\/babad.fr\/index.php\/nous-rejoindre\/reglement-interieur\/\",\"url\":\"https:\/\/babad.fr\/index.php\/nous-rejoindre\/reglement-interieur\/\",\"name\":\"R\u00e8glement Int\u00e9rieur - B-A Bad des Commiers (BBC38)\",\"isPartOf\":{\"@id\":\"https:\/\/babad.fr\/#website\"},\"datePublished\":\"2017-08-03T10:06:04+00:00\",\"dateModified\":\"2017-08-03T10:12:08+00:00\",\"breadcrumb\":{\"@id\":\"https:\/\/babad.fr\/index.php\/nous-rejoindre\/reglement-interieur\/#breadcrumb\"},\"inLanguage\":\"fr-FR\",\"potentialAction\":[{\"@type\":\"ReadAction\",\"target\":[\"https:\/\/babad.fr\/index.php\/nous-rejoindre\/reglement-interieur\/\"]}]},{\"@type\":\"BreadcrumbList\",\"@id\":\"https:\/\/babad.fr\/index.php\/nous-rejoindre\/reglement-interieur\/#breadcrumb\",\"itemListElement\":[{\"@type\":\"ListItem\",\"position\":1,\"name\":\"Accueil\",\"item\":\"https:\/\/babad.fr\/\"},{\"@type\":\"ListItem\",\"position\":2,\"name\":\"Nous Rejoindre\",\"item\":\"https:\/\/babad.fr\/index.php\/nous-rejoindre\/\"},{\"@type\":\"ListItem\",\"position\":3,\"name\":\"R\u00e8glement Int\u00e9rieur\"}]},{\"@type\":\"WebSite\",\"@id\":\"https:\/\/babad.fr\/#website\",\"url\":\"https:\/\/babad.fr\/\",\"name\":\"B-A Bad des Commiers (BBC38)\",\"description\":\"Le club de badminton de Saint Georges de Commiers, affili\u00e9 \u00e0 la f\u00e9d\u00e9ration fran\u00e7aise de badminton, vous accueille au gymnase des Combettes tous les mercredis, jeudis et vendredis soirs et le samedi matin et met \u00e0 votre disposition 4 terrains pour jouer en loisirs ou en comp\u00e9tition.\",\"publisher\":{\"@id\":\"https:\/\/babad.fr\/#\/schema\/person\/e8a11ed124097a9c25882474f5a403d5\"},\"potentialAction\":[{\"@type\":\"SearchAction\",\"target\":{\"@type\":\"EntryPoint\",\"urlTemplate\":\"https:\/\/babad.fr\/?s={search_term_string}\"},\"query-input\":\"required name=search_term_string\"}],\"inLanguage\":\"fr-FR\"},{\"@type\":[\"Person\",\"Organization\"],\"@id\":\"https:\/\/babad.fr\/#\/schema\/person\/e8a11ed124097a9c25882474f5a403d5\",\"name\":\"babad\",\"image\":{\"@type\":\"ImageObject\",\"inLanguage\":\"fr-FR\",\"@id\":\"https:\/\/babad.fr\/#\/schema\/person\/image\/\",\"url\":\"https:\/\/secure.gravatar.com\/avatar\/b83764d372c273528312bec210c5a854?s=96&d=mm&r=g\",\"contentUrl\":\"https:\/\/secure.gravatar.com\/avatar\/b83764d372c273528312bec210c5a854?s=96&d=mm&r=g\",\"caption\":\"babad\"},\"logo\":{\"@id\":\"https:\/\/babad.fr\/#\/schema\/person\/image\/\"}}]}<\/script>\n<!-- \/ Yoast SEO plugin. -->","yoast_head_json":{"title":"R\u00e8glement Int\u00e9rieur - B-A Bad des Commiers (BBC38)","robots":{"index":"index","follow":"follow","max-snippet":"max-snippet:-1","max-image-preview":"max-image-preview:large","max-video-preview":"max-video-preview:-1"},"canonical":"https:\/\/babad.fr\/index.php\/nous-rejoindre\/reglement-interieur\/","og_locale":"fr_FR","og_type":"article","og_title":"R\u00e8glement Int\u00e9rieur - B-A Bad des Commiers (BBC38)","og_description":"Le r\u00e8glement int\u00e9rieur s&rsquo;applique \u00e0 tous les membres du club sans exception. Nul ne pourra s&rsquo;y soustraire puisqu&rsquo;il est sign\u00e9 par chacun lors de l&rsquo;adh\u00e9sion. Horaires Chaque joueur respecte les horaires des cr\u00e9neaux, et sort sur l\u2019arri\u00e8re du gymnase (c\u00f4t\u00e9 buvette) en faisant le moins de bruit possible et ce, quelle que soit l&rsquo;heure de [&hellip;]","og_url":"https:\/\/babad.fr\/index.php\/nous-rejoindre\/reglement-interieur\/","og_site_name":"B-A Bad des Commiers (BBC38)","article_modified_time":"2017-08-03T10:12:08+00:00","twitter_card":"summary_large_image","twitter_misc":{"Dur\u00e9e de lecture estim\u00e9e":"2 minutes"},"schema":{"@context":"https:\/\/schema.org","@graph":[{"@type":"WebPage","@id":"https:\/\/babad.fr\/index.php\/nous-rejoindre\/reglement-interieur\/","url":"https:\/\/babad.fr\/index.php\/nous-rejoindre\/reglement-interieur\/","name":"R\u00e8glement Int\u00e9rieur - B-A Bad des Commiers (BBC38)","isPartOf":{"@id":"https:\/\/babad.fr\/#website"},"datePublished":"2017-08-03T10:06:04+00:00","dateModified":"2017-08-03T10:12:08+00:00","breadcrumb":{"@id":"https:\/\/babad.fr\/index.php\/nous-rejoindre\/reglement-interieur\/#breadcrumb"},"inLanguage":"fr-FR","potentialAction":[{"@type":"ReadAction","target":["https:\/\/babad.fr\/index.php\/nous-rejoindre\/reglement-interieur\/"]}]},{"@type":"BreadcrumbList","@id":"https:\/\/babad.fr\/index.php\/nous-rejoindre\/reglement-interieur\/#breadcrumb","itemListElement":[{"@type":"ListItem","position":1,"name":"Accueil","item":"https:\/\/babad.fr\/"},{"@type":"ListItem","position":2,"name":"Nous Rejoindre","item":"https:\/\/babad.fr\/index.php\/nous-rejoindre\/"},{"@type":"ListItem","position":3,"name":"R\u00e8glement Int\u00e9rieur"}]},{"@type":"WebSite","@id":"https:\/\/babad.fr\/#website","url":"https:\/\/babad.fr\/","name":"B-A Bad des Commiers (BBC38)","description":"Le club de badminton de Saint Georges de Commiers, affili\u00e9 \u00e0 la f\u00e9d\u00e9ration fran\u00e7aise de badminton, vous accueille au gymnase des Combettes tous les mercredis, jeudis et vendredis soirs et le samedi matin et met \u00e0 votre disposition 4 terrains pour jouer en loisirs ou en comp\u00e9tition.","publisher":{"@id":"https:\/\/babad.fr\/#\/schema\/person\/e8a11ed124097a9c25882474f5a403d5"},"potentialAction":[{"@type":"SearchAction","target":{"@type":"EntryPoint","urlTemplate":"https:\/\/babad.fr\/?s={search_term_string}"},"query-input":"required name=search_term_string"}],"inLanguage":"fr-FR"},{"@type":["Person","Organization"],"@id":"https:\/\/babad.fr\/#\/schema\/person\/e8a11ed124097a9c25882474f5a403d5","name":"babad","image":{"@type":"ImageObject","inLanguage":"fr-FR","@id":"https:\/\/babad.fr\/#\/schema\/person\/image\/","url":"https:\/\/secure.gravatar.com\/avatar\/b83764d372c273528312bec210c5a854?s=96&d=mm&r=g","contentUrl":"https:\/\/secure.gravatar.com\/avatar\/b83764d372c273528312bec210c5a854?s=96&d=mm&r=g","caption":"babad"},"logo":{"@id":"https:\/\/babad.fr\/#\/schema\/person\/image\/"}}]}},"_links":{"self":[{"href":"https:\/\/babad.fr\/index.php\/wp-json\/wp\/v2\/pages\/160"}],"collection":[{"href":"https:\/\/babad.fr\/index.php\/wp-json\/wp\/v2\/pages"}],"about":[{"href":"https:\/\/babad.fr\/index.php\/wp-json\/wp\/v2\/types\/page"}],"author":[{"embeddable":true,"href":"https:\/\/babad.fr\/index.php\/wp-json\/wp\/v2\/users\/1"}],"replies":[{"embeddable":true,"href":"https:\/\/babad.fr\/index.php\/wp-json\/wp\/v2\/comments?post=160"}],"version-history":[{"count":2,"href":"https:\/\/babad.fr\/index.php\/wp-json\/wp\/v2\/pages\/160\/revisions"}],"predecessor-version":[{"id":163,"href":"https:\/\/babad.fr\/index.php\/wp-json\/wp\/v2\/pages\/160\/revisions\/163"}],"up":[{"embeddable":true,"href":"https:\/\/babad.fr\/index.php\/wp-json\/wp\/v2\/pages\/123"}],"wp:attachment":[{"href":"https:\/\/babad.fr\/index.php\/wp-json\/wp\/v2\/media?parent=160"}],"curies":[{"name":"wp","href":"https:\/\/api.w.org\/{rel}","templated":true}]}}