{"id":18,"date":"2017-08-01T22:44:10","date_gmt":"2017-08-01T20:44:10","guid":{"rendered":"http:\/\/babad.fr\/?page_id=18"},"modified":"2025-08-31T14:23:37","modified_gmt":"2025-08-31T12:23:37","slug":"les-creneaux","status":"publish","type":"page","link":"https:\/\/babad.fr\/index.php\/le-club\/les-creneaux\/","title":{"rendered":"Les cr\u00e9neaux"},"content":{"rendered":"<p><b>Le Club de Badminton de Saint Georges propose des cr\u00e9neaux de jeu libre et d\u2019entra\u00eenements\u00a0au gymnase des Combettes le :<\/b><\/p>\n<ul>\n<li><strong>Mercredi\u00a0<\/strong>:<\/li>\n<\/ul>\n<p style=\"padding-left: 60px;\">de 14h30 \u00e0 16h00 ( en attente de confirmation mairie ) : <strong>Entrainement Enfants<br \/>\n<\/strong><\/p>\n<p style=\"padding-left: 60px;\">de 20h15 \u00e0 22h30<strong>\u00a0: Entrainement Comp\u00e9tition<br \/>\n<\/strong><\/p>\n<ul>\n<li><strong>Jeudi<\/strong> :<\/li>\n<\/ul>\n<p style=\"padding-left: 60px;\">de 19h30 \u00e0 20h30<strong>\u00a0: Entrainement loisir ou d\u00e9butants<\/strong><\/p>\n<p style=\"padding-left: 60px;\">de 20h30 \u00e0 22h30\u00a0<strong>: Jeu libre<\/strong><\/p>\n<ul>\n<li><strong>Vendredi\u00a0<\/strong>:<\/li>\n<\/ul>\n<p style=\"padding-left: 60px;\">de 18h15 \u00e0 22h30<strong>\u00a0: Jeu libre<\/strong><\/p>\n<ul>\n<li><strong>Samedi\u00a0<\/strong>:<\/li>\n<\/ul>\n<p style=\"padding-left: 60px;\">de 10h00 \u00e0 12h00\u00a0<strong>: Jeu libre<\/strong><\/p>\n","protected":false},"excerpt":{"rendered":"<p>Le Club de Badminton de Saint Georges propose des cr\u00e9neaux de jeu libre et d\u2019entra\u00eenements\u00a0au gymnase des Combettes le : Mercredi\u00a0: de 14h30 \u00e0 16h00 ( en attente de confirmation mairie ) : Entrainement Enfants de 20h15 \u00e0 22h30\u00a0: Entrainement Comp\u00e9tition Jeudi : de 19h30 \u00e0 20h30\u00a0: Entrainement loisir ou d\u00e9butants de 20h30 \u00e0 22h30\u00a0: [&hellip;]<\/p>\n","protected":false},"author":1,"featured_media":0,"parent":77,"menu_order":3,"comment_status":"closed","ping_status":"closed","template":"","meta":{"footnotes":""},"yoast_head":"<!-- This site is optimized with the Yoast SEO plugin v21.7 - https:\/\/yoast.com\/wordpress\/plugins\/seo\/ -->\n<title>Les cr\u00e9neaux - B-A Bad des Commiers (BBC38)<\/title>\n<meta name=\"robots\" content=\"index, follow, max-snippet:-1, max-image-preview:large, max-video-preview:-1\" \/>\n<link rel=\"canonical\" href=\"https:\/\/babad.fr\/index.php\/le-club\/les-creneaux\/\" \/>\n<meta property=\"og:locale\" content=\"fr_FR\" \/>\n<meta property=\"og:type\" content=\"article\" \/>\n<meta property=\"og:title\" content=\"Les cr\u00e9neaux - B-A Bad des Commiers (BBC38)\" \/>\n<meta property=\"og:description\" content=\"Le Club de Badminton de Saint Georges propose des cr\u00e9neaux de jeu libre et d\u2019entra\u00eenements\u00a0au gymnase des Combettes le : Mercredi\u00a0: de 14h30 \u00e0 16h00 ( en attente de confirmation mairie ) : Entrainement Enfants de 20h15 \u00e0 22h30\u00a0: Entrainement Comp\u00e9tition Jeudi : de 19h30 \u00e0 20h30\u00a0: Entrainement loisir ou d\u00e9butants de 20h30 \u00e0 22h30\u00a0: [&hellip;]\" \/>\n<meta property=\"og:url\" content=\"https:\/\/babad.fr\/index.php\/le-club\/les-creneaux\/\" \/>\n<meta property=\"og:site_name\" content=\"B-A Bad des Commiers (BBC38)\" \/>\n<meta property=\"article:modified_time\" content=\"2025-08-31T12:23:37+00:00\" \/>\n<meta name=\"twitter:card\" content=\"summary_large_image\" \/>\n<meta name=\"twitter:label1\" content=\"Dur\u00e9e de lecture estim\u00e9e\" \/>\n\t<meta name=\"twitter:data1\" content=\"1 minute\" \/>\n<script type=\"application\/ld+json\" class=\"yoast-schema-graph\">{\"@context\":\"https:\/\/schema.org\",\"@graph\":[{\"@type\":\"WebPage\",\"@id\":\"https:\/\/babad.fr\/index.php\/le-club\/les-creneaux\/\",\"url\":\"https:\/\/babad.fr\/index.php\/le-club\/les-creneaux\/\",\"name\":\"Les cr\u00e9neaux - B-A Bad des Commiers (BBC38)\",\"isPartOf\":{\"@id\":\"https:\/\/babad.fr\/#website\"},\"datePublished\":\"2017-08-01T20:44:10+00:00\",\"dateModified\":\"2025-08-31T12:23:37+00:00\",\"breadcrumb\":{\"@id\":\"https:\/\/babad.fr\/index.php\/le-club\/les-creneaux\/#breadcrumb\"},\"inLanguage\":\"fr-FR\",\"potentialAction\":[{\"@type\":\"ReadAction\",\"target\":[\"https:\/\/babad.fr\/index.php\/le-club\/les-creneaux\/\"]}]},{\"@type\":\"BreadcrumbList\",\"@id\":\"https:\/\/babad.fr\/index.php\/le-club\/les-creneaux\/#breadcrumb\",\"itemListElement\":[{\"@type\":\"ListItem\",\"position\":1,\"name\":\"Accueil\",\"item\":\"https:\/\/babad.fr\/\"},{\"@type\":\"ListItem\",\"position\":2,\"name\":\"Le Club\",\"item\":\"https:\/\/babad.fr\/index.php\/le-club\/\"},{\"@type\":\"ListItem\",\"position\":3,\"name\":\"Les cr\u00e9neaux\"}]},{\"@type\":\"WebSite\",\"@id\":\"https:\/\/babad.fr\/#website\",\"url\":\"https:\/\/babad.fr\/\",\"name\":\"B-A Bad des Commiers (BBC38)\",\"description\":\"Le club de badminton de Saint Georges de Commiers, affili\u00e9 \u00e0 la f\u00e9d\u00e9ration fran\u00e7aise de badminton, vous accueille au gymnase des Combettes tous les mercredis, jeudis et vendredis soirs et le samedi matin et met \u00e0 votre disposition 4 terrains pour jouer en loisirs ou en comp\u00e9tition.\",\"publisher\":{\"@id\":\"https:\/\/babad.fr\/#\/schema\/person\/e8a11ed124097a9c25882474f5a403d5\"},\"potentialAction\":[{\"@type\":\"SearchAction\",\"target\":{\"@type\":\"EntryPoint\",\"urlTemplate\":\"https:\/\/babad.fr\/?s={search_term_string}\"},\"query-input\":\"required name=search_term_string\"}],\"inLanguage\":\"fr-FR\"},{\"@type\":[\"Person\",\"Organization\"],\"@id\":\"https:\/\/babad.fr\/#\/schema\/person\/e8a11ed124097a9c25882474f5a403d5\",\"name\":\"babad\",\"image\":{\"@type\":\"ImageObject\",\"inLanguage\":\"fr-FR\",\"@id\":\"https:\/\/babad.fr\/#\/schema\/person\/image\/\",\"url\":\"https:\/\/secure.gravatar.com\/avatar\/b83764d372c273528312bec210c5a854?s=96&d=mm&r=g\",\"contentUrl\":\"https:\/\/secure.gravatar.com\/avatar\/b83764d372c273528312bec210c5a854?s=96&d=mm&r=g\",\"caption\":\"babad\"},\"logo\":{\"@id\":\"https:\/\/babad.fr\/#\/schema\/person\/image\/\"}}]}<\/script>\n<!-- \/ Yoast SEO plugin. -->","yoast_head_json":{"title":"Les cr\u00e9neaux - B-A Bad des Commiers (BBC38)","robots":{"index":"index","follow":"follow","max-snippet":"max-snippet:-1","max-image-preview":"max-image-preview:large","max-video-preview":"max-video-preview:-1"},"canonical":"https:\/\/babad.fr\/index.php\/le-club\/les-creneaux\/","og_locale":"fr_FR","og_type":"article","og_title":"Les cr\u00e9neaux - B-A Bad des Commiers (BBC38)","og_description":"Le Club de Badminton de Saint Georges propose des cr\u00e9neaux de jeu libre et d\u2019entra\u00eenements\u00a0au gymnase des Combettes le : Mercredi\u00a0: de 14h30 \u00e0 16h00 ( en attente de confirmation mairie ) : Entrainement Enfants de 20h15 \u00e0 22h30\u00a0: Entrainement Comp\u00e9tition Jeudi : de 19h30 \u00e0 20h30\u00a0: Entrainement loisir ou d\u00e9butants de 20h30 \u00e0 22h30\u00a0: [&hellip;]","og_url":"https:\/\/babad.fr\/index.php\/le-club\/les-creneaux\/","og_site_name":"B-A Bad des Commiers (BBC38)","article_modified_time":"2025-08-31T12:23:37+00:00","twitter_card":"summary_large_image","twitter_misc":{"Dur\u00e9e de lecture estim\u00e9e":"1 minute"},"schema":{"@context":"https:\/\/schema.org","@graph":[{"@type":"WebPage","@id":"https:\/\/babad.fr\/index.php\/le-club\/les-creneaux\/","url":"https:\/\/babad.fr\/index.php\/le-club\/les-creneaux\/","name":"Les cr\u00e9neaux - B-A Bad des Commiers (BBC38)","isPartOf":{"@id":"https:\/\/babad.fr\/#website"},"datePublished":"2017-08-01T20:44:10+00:00","dateModified":"2025-08-31T12:23:37+00:00","breadcrumb":{"@id":"https:\/\/babad.fr\/index.php\/le-club\/les-creneaux\/#breadcrumb"},"inLanguage":"fr-FR","potentialAction":[{"@type":"ReadAction","target":["https:\/\/babad.fr\/index.php\/le-club\/les-creneaux\/"]}]},{"@type":"BreadcrumbList","@id":"https:\/\/babad.fr\/index.php\/le-club\/les-creneaux\/#breadcrumb","itemListElement":[{"@type":"ListItem","position":1,"name":"Accueil","item":"https:\/\/babad.fr\/"},{"@type":"ListItem","position":2,"name":"Le Club","item":"https:\/\/babad.fr\/index.php\/le-club\/"},{"@type":"ListItem","position":3,"name":"Les cr\u00e9neaux"}]},{"@type":"WebSite","@id":"https:\/\/babad.fr\/#website","url":"https:\/\/babad.fr\/","name":"B-A Bad des Commiers (BBC38)","description":"Le club de badminton de Saint Georges de Commiers, affili\u00e9 \u00e0 la f\u00e9d\u00e9ration fran\u00e7aise de badminton, vous accueille au gymnase des Combettes tous les mercredis, jeudis et vendredis soirs et le samedi matin et met \u00e0 votre disposition 4 terrains pour jouer en loisirs ou en comp\u00e9tition.","publisher":{"@id":"https:\/\/babad.fr\/#\/schema\/person\/e8a11ed124097a9c25882474f5a403d5"},"potentialAction":[{"@type":"SearchAction","target":{"@type":"EntryPoint","urlTemplate":"https:\/\/babad.fr\/?s={search_term_string}"},"query-input":"required name=search_term_string"}],"inLanguage":"fr-FR"},{"@type":["Person","Organization"],"@id":"https:\/\/babad.fr\/#\/schema\/person\/e8a11ed124097a9c25882474f5a403d5","name":"babad","image":{"@type":"ImageObject","inLanguage":"fr-FR","@id":"https:\/\/babad.fr\/#\/schema\/person\/image\/","url":"https:\/\/secure.gravatar.com\/avatar\/b83764d372c273528312bec210c5a854?s=96&d=mm&r=g","contentUrl":"https:\/\/secure.gravatar.com\/avatar\/b83764d372c273528312bec210c5a854?s=96&d=mm&r=g","caption":"babad"},"logo":{"@id":"https:\/\/babad.fr\/#\/schema\/person\/image\/"}}]}},"_links":{"self":[{"href":"https:\/\/babad.fr\/index.php\/wp-json\/wp\/v2\/pages\/18"}],"collection":[{"href":"https:\/\/babad.fr\/index.php\/wp-json\/wp\/v2\/pages"}],"about":[{"href":"https:\/\/babad.fr\/index.php\/wp-json\/wp\/v2\/types\/page"}],"author":[{"embeddable":true,"href":"https:\/\/babad.fr\/index.php\/wp-json\/wp\/v2\/users\/1"}],"replies":[{"embeddable":true,"href":"https:\/\/babad.fr\/index.php\/wp-json\/wp\/v2\/comments?post=18"}],"version-history":[{"count":10,"href":"https:\/\/babad.fr\/index.php\/wp-json\/wp\/v2\/pages\/18\/revisions"}],"predecessor-version":[{"id":849,"href":"https:\/\/babad.fr\/index.php\/wp-json\/wp\/v2\/pages\/18\/revisions\/849"}],"up":[{"embeddable":true,"href":"https:\/\/babad.fr\/index.php\/wp-json\/wp\/v2\/pages\/77"}],"wp:attachment":[{"href":"https:\/\/babad.fr\/index.php\/wp-json\/wp\/v2\/media?parent=18"}],"curies":[{"name":"wp","href":"https:\/\/api.w.org\/{rel}","templated":true}]}}