{"id":435,"date":"2017-12-27T15:07:19","date_gmt":"2017-12-27T14:07:19","guid":{"rendered":"http:\/\/babad.fr\/?page_id=435"},"modified":"2017-12-27T15:39:22","modified_gmt":"2017-12-27T14:39:22","slug":"equipe-3-j2","status":"publish","type":"page","link":"https:\/\/babad.fr\/index.php\/competitions\/interclubs\/equipe-3-j2\/","title":{"rendered":"Equipe 3 &#8211; J2"},"content":{"rendered":"<p>Autres rencontres :<\/p>\n<p>[table id=10 \/]<\/p>\n<p>Classement :<\/p>\n<p><img loading=\"lazy\" decoding=\"async\" class=\"aligncenter size-full wp-image-436\" src=\"https:\/\/babad.fr\/wp-content\/uploads\/2017\/12\/Classement-Eq3-J2.jpg\" alt=\"\" width=\"718\" height=\"145\" srcset=\"https:\/\/babad.fr\/wp-content\/uploads\/2017\/12\/Classement-Eq3-J2.jpg 718w, https:\/\/babad.fr\/wp-content\/uploads\/2017\/12\/Classement-Eq3-J2-300x61.jpg 300w\" sizes=\"(max-width: 718px) 100vw, 718px\" \/><\/p>\n<p>R\u00e9sum\u00e9 :<\/p>\n<p><img loading=\"lazy\" decoding=\"async\" class=\"aligncenter wp-image-441\" src=\"https:\/\/babad.fr\/wp-content\/uploads\/2017\/12\/Score-Eq-3-J2.jpg\" alt=\"\" width=\"206\" height=\"137\" srcset=\"https:\/\/babad.fr\/wp-content\/uploads\/2017\/12\/Score-Eq-3-J2.jpg 327w, https:\/\/babad.fr\/wp-content\/uploads\/2017\/12\/Score-Eq-3-J2-300x200.jpg 300w\" sizes=\"(max-width: 206px) 100vw, 206px\" \/><\/p>\n<p>&nbsp;<\/p>\n<p>Belle soir\u00e9e pour l\u2019\u00e9quipe 3<\/p>\n<p>Pour cette seconde journ\u00e9e d\u2019interclubs, l\u2019\u00e9quipe 3 \u00e9tait oppos\u00e9e \u00e0 Montbonnot et\u00a0 elle a d\u00e9croch\u00e9e sa premi\u00e8re victoire 5-0.<\/p>\n<p>Ce sont les filles qui ouvraient le bal avec la rencontre de simple qui a vu la victoire \u00e0 l\u2019arrach\u00e9e de C\u00e9cile 22-20 dans le troisi\u00e8me set ( Bravo \u00e0 C\u00e9cile pour cette premi\u00e8re en simple)\u00a0 et la rencontre de double dame avec Perrine et Lucie qui ont fait une belle impression en gagnant leur match en deux sets ( 9 et 8 ). A noter aussi cette grande premi\u00e8re pour le club qui alignait deux jeunes joueuses de 17 ans.<\/p>\n<p>Dans la continuit\u00e9, Christian apportait une troisi\u00e8me victoire en simple homme, victoire en deux set tr\u00e8s disput\u00e9s ( 19 et 14 ).<\/p>\n<p>Lucie et Matthieu (encore une tr\u00e8s jeune \u00e9quipe) remportaient le double mixte en deux sets \u00e9galement ( 11 et 14 ).<\/p>\n<p>Les tontons de l\u2019\u00e9quipe (Laurent et Ludo) ne voulaient pas briser cette belle vague de victoires et ils se sont aussi impos\u00e9s en deux sets avec panache ( 7 et 9 ).<\/p>\n<p>Merci aux joueurs de l\u2019\u00e9quipe 1 qui \u00e9taient nombreux sur le bord du terrain \u00e0 nous encourager.<\/p>\n<p><img loading=\"lazy\" decoding=\"async\" class=\"aligncenter size-large wp-image-437\" src=\"https:\/\/babad.fr\/wp-content\/uploads\/2017\/12\/Eq3-J2-20-12-17-1024x576.jpg\" alt=\"\" width=\"640\" height=\"360\" srcset=\"https:\/\/babad.fr\/wp-content\/uploads\/2017\/12\/Eq3-J2-20-12-17-1024x576.jpg 1024w, https:\/\/babad.fr\/wp-content\/uploads\/2017\/12\/Eq3-J2-20-12-17-300x169.jpg 300w, https:\/\/babad.fr\/wp-content\/uploads\/2017\/12\/Eq3-J2-20-12-17-768x432.jpg 768w, https:\/\/babad.fr\/wp-content\/uploads\/2017\/12\/Eq3-J2-20-12-17-800x450.jpg 800w\" sizes=\"(max-width: 640px) 100vw, 640px\" \/><\/p>\n","protected":false},"excerpt":{"rendered":"<p>Autres rencontres : [table id=10 \/] Classement : R\u00e9sum\u00e9 : &nbsp; Belle soir\u00e9e pour l\u2019\u00e9quipe 3 Pour cette seconde journ\u00e9e d\u2019interclubs, l\u2019\u00e9quipe 3 \u00e9tait oppos\u00e9e \u00e0 Montbonnot et\u00a0 elle a d\u00e9croch\u00e9e sa premi\u00e8re victoire 5-0. Ce sont les filles qui ouvraient le bal avec la rencontre de simple qui a vu la victoire \u00e0 l\u2019arrach\u00e9e [&hellip;]<\/p>\n","protected":false},"author":1,"featured_media":0,"parent":181,"menu_order":0,"comment_status":"closed","ping_status":"closed","template":"","meta":{"footnotes":""},"yoast_head":"<!-- This site is optimized with the Yoast SEO plugin v21.7 - https:\/\/yoast.com\/wordpress\/plugins\/seo\/ -->\n<title>Equipe 3 - J2 - B-A Bad des Commiers (BBC38)<\/title>\n<meta name=\"robots\" content=\"index, follow, max-snippet:-1, max-image-preview:large, max-video-preview:-1\" \/>\n<link rel=\"canonical\" href=\"https:\/\/babad.fr\/index.php\/competitions\/interclubs\/equipe-3-j2\/\" \/>\n<meta property=\"og:locale\" content=\"fr_FR\" \/>\n<meta property=\"og:type\" content=\"article\" \/>\n<meta property=\"og:title\" content=\"Equipe 3 - J2 - B-A Bad des Commiers (BBC38)\" \/>\n<meta property=\"og:description\" content=\"Autres rencontres : [table id=10 \/] Classement : R\u00e9sum\u00e9 : &nbsp; Belle soir\u00e9e pour l\u2019\u00e9quipe 3 Pour cette seconde journ\u00e9e d\u2019interclubs, l\u2019\u00e9quipe 3 \u00e9tait oppos\u00e9e \u00e0 Montbonnot et\u00a0 elle a d\u00e9croch\u00e9e sa premi\u00e8re victoire 5-0. Ce sont les filles qui ouvraient le bal avec la rencontre de simple qui a vu la victoire \u00e0 l\u2019arrach\u00e9e [&hellip;]\" \/>\n<meta property=\"og:url\" content=\"https:\/\/babad.fr\/index.php\/competitions\/interclubs\/equipe-3-j2\/\" \/>\n<meta property=\"og:site_name\" content=\"B-A Bad des Commiers (BBC38)\" \/>\n<meta property=\"article:modified_time\" content=\"2017-12-27T14:39:22+00:00\" \/>\n<meta property=\"og:image\" content=\"http:\/\/babad.fr\/wp-content\/uploads\/2017\/12\/Classement-Eq3-J2.jpg\" \/>\n<meta name=\"twitter:card\" content=\"summary_large_image\" \/>\n<meta name=\"twitter:label1\" content=\"Dur\u00e9e de lecture estim\u00e9e\" \/>\n\t<meta name=\"twitter:data1\" content=\"1 minute\" \/>\n<script type=\"application\/ld+json\" class=\"yoast-schema-graph\">{\"@context\":\"https:\/\/schema.org\",\"@graph\":[{\"@type\":\"WebPage\",\"@id\":\"https:\/\/babad.fr\/index.php\/competitions\/interclubs\/equipe-3-j2\/\",\"url\":\"https:\/\/babad.fr\/index.php\/competitions\/interclubs\/equipe-3-j2\/\",\"name\":\"Equipe 3 - J2 - B-A Bad des Commiers (BBC38)\",\"isPartOf\":{\"@id\":\"https:\/\/babad.fr\/#website\"},\"datePublished\":\"2017-12-27T14:07:19+00:00\",\"dateModified\":\"2017-12-27T14:39:22+00:00\",\"breadcrumb\":{\"@id\":\"https:\/\/babad.fr\/index.php\/competitions\/interclubs\/equipe-3-j2\/#breadcrumb\"},\"inLanguage\":\"fr-FR\",\"potentialAction\":[{\"@type\":\"ReadAction\",\"target\":[\"https:\/\/babad.fr\/index.php\/competitions\/interclubs\/equipe-3-j2\/\"]}]},{\"@type\":\"BreadcrumbList\",\"@id\":\"https:\/\/babad.fr\/index.php\/competitions\/interclubs\/equipe-3-j2\/#breadcrumb\",\"itemListElement\":[{\"@type\":\"ListItem\",\"position\":1,\"name\":\"Accueil\",\"item\":\"https:\/\/babad.fr\/\"},{\"@type\":\"ListItem\",\"position\":2,\"name\":\"Comp\u00e9titions\",\"item\":\"https:\/\/babad.fr\/index.php\/competitions\/\"},{\"@type\":\"ListItem\",\"position\":3,\"name\":\"Interclubs\",\"item\":\"https:\/\/babad.fr\/index.php\/competitions\/interclubs\/\"},{\"@type\":\"ListItem\",\"position\":4,\"name\":\"Equipe 3 &#8211; J2\"}]},{\"@type\":\"WebSite\",\"@id\":\"https:\/\/babad.fr\/#website\",\"url\":\"https:\/\/babad.fr\/\",\"name\":\"B-A Bad des Commiers (BBC38)\",\"description\":\"Le club de badminton de Saint Georges de Commiers, affili\u00e9 \u00e0 la f\u00e9d\u00e9ration fran\u00e7aise de badminton, vous accueille au gymnase des Combettes tous les mercredis, jeudis et vendredis soirs et le samedi matin et met \u00e0 votre disposition 4 terrains pour jouer en loisirs ou en comp\u00e9tition.\",\"publisher\":{\"@id\":\"https:\/\/babad.fr\/#\/schema\/person\/e8a11ed124097a9c25882474f5a403d5\"},\"potentialAction\":[{\"@type\":\"SearchAction\",\"target\":{\"@type\":\"EntryPoint\",\"urlTemplate\":\"https:\/\/babad.fr\/?s={search_term_string}\"},\"query-input\":\"required name=search_term_string\"}],\"inLanguage\":\"fr-FR\"},{\"@type\":[\"Person\",\"Organization\"],\"@id\":\"https:\/\/babad.fr\/#\/schema\/person\/e8a11ed124097a9c25882474f5a403d5\",\"name\":\"babad\",\"image\":{\"@type\":\"ImageObject\",\"inLanguage\":\"fr-FR\",\"@id\":\"https:\/\/babad.fr\/#\/schema\/person\/image\/\",\"url\":\"https:\/\/secure.gravatar.com\/avatar\/b83764d372c273528312bec210c5a854?s=96&d=mm&r=g\",\"contentUrl\":\"https:\/\/secure.gravatar.com\/avatar\/b83764d372c273528312bec210c5a854?s=96&d=mm&r=g\",\"caption\":\"babad\"},\"logo\":{\"@id\":\"https:\/\/babad.fr\/#\/schema\/person\/image\/\"}}]}<\/script>\n<!-- \/ Yoast SEO plugin. -->","yoast_head_json":{"title":"Equipe 3 - J2 - B-A Bad des Commiers (BBC38)","robots":{"index":"index","follow":"follow","max-snippet":"max-snippet:-1","max-image-preview":"max-image-preview:large","max-video-preview":"max-video-preview:-1"},"canonical":"https:\/\/babad.fr\/index.php\/competitions\/interclubs\/equipe-3-j2\/","og_locale":"fr_FR","og_type":"article","og_title":"Equipe 3 - J2 - B-A Bad des Commiers (BBC38)","og_description":"Autres rencontres : [table id=10 \/] Classement : R\u00e9sum\u00e9 : &nbsp; Belle soir\u00e9e pour l\u2019\u00e9quipe 3 Pour cette seconde journ\u00e9e d\u2019interclubs, l\u2019\u00e9quipe 3 \u00e9tait oppos\u00e9e \u00e0 Montbonnot et\u00a0 elle a d\u00e9croch\u00e9e sa premi\u00e8re victoire 5-0. Ce sont les filles qui ouvraient le bal avec la rencontre de simple qui a vu la victoire \u00e0 l\u2019arrach\u00e9e [&hellip;]","og_url":"https:\/\/babad.fr\/index.php\/competitions\/interclubs\/equipe-3-j2\/","og_site_name":"B-A Bad des Commiers (BBC38)","article_modified_time":"2017-12-27T14:39:22+00:00","og_image":[{"url":"http:\/\/babad.fr\/wp-content\/uploads\/2017\/12\/Classement-Eq3-J2.jpg"}],"twitter_card":"summary_large_image","twitter_misc":{"Dur\u00e9e de lecture estim\u00e9e":"1 minute"},"schema":{"@context":"https:\/\/schema.org","@graph":[{"@type":"WebPage","@id":"https:\/\/babad.fr\/index.php\/competitions\/interclubs\/equipe-3-j2\/","url":"https:\/\/babad.fr\/index.php\/competitions\/interclubs\/equipe-3-j2\/","name":"Equipe 3 - J2 - B-A Bad des Commiers (BBC38)","isPartOf":{"@id":"https:\/\/babad.fr\/#website"},"datePublished":"2017-12-27T14:07:19+00:00","dateModified":"2017-12-27T14:39:22+00:00","breadcrumb":{"@id":"https:\/\/babad.fr\/index.php\/competitions\/interclubs\/equipe-3-j2\/#breadcrumb"},"inLanguage":"fr-FR","potentialAction":[{"@type":"ReadAction","target":["https:\/\/babad.fr\/index.php\/competitions\/interclubs\/equipe-3-j2\/"]}]},{"@type":"BreadcrumbList","@id":"https:\/\/babad.fr\/index.php\/competitions\/interclubs\/equipe-3-j2\/#breadcrumb","itemListElement":[{"@type":"ListItem","position":1,"name":"Accueil","item":"https:\/\/babad.fr\/"},{"@type":"ListItem","position":2,"name":"Comp\u00e9titions","item":"https:\/\/babad.fr\/index.php\/competitions\/"},{"@type":"ListItem","position":3,"name":"Interclubs","item":"https:\/\/babad.fr\/index.php\/competitions\/interclubs\/"},{"@type":"ListItem","position":4,"name":"Equipe 3 &#8211; J2"}]},{"@type":"WebSite","@id":"https:\/\/babad.fr\/#website","url":"https:\/\/babad.fr\/","name":"B-A Bad des Commiers (BBC38)","description":"Le club de badminton de Saint Georges de Commiers, affili\u00e9 \u00e0 la f\u00e9d\u00e9ration fran\u00e7aise de badminton, vous accueille au gymnase des Combettes tous les mercredis, jeudis et vendredis soirs et le samedi matin et met \u00e0 votre disposition 4 terrains pour jouer en loisirs ou en comp\u00e9tition.","publisher":{"@id":"https:\/\/babad.fr\/#\/schema\/person\/e8a11ed124097a9c25882474f5a403d5"},"potentialAction":[{"@type":"SearchAction","target":{"@type":"EntryPoint","urlTemplate":"https:\/\/babad.fr\/?s={search_term_string}"},"query-input":"required name=search_term_string"}],"inLanguage":"fr-FR"},{"@type":["Person","Organization"],"@id":"https:\/\/babad.fr\/#\/schema\/person\/e8a11ed124097a9c25882474f5a403d5","name":"babad","image":{"@type":"ImageObject","inLanguage":"fr-FR","@id":"https:\/\/babad.fr\/#\/schema\/person\/image\/","url":"https:\/\/secure.gravatar.com\/avatar\/b83764d372c273528312bec210c5a854?s=96&d=mm&r=g","contentUrl":"https:\/\/secure.gravatar.com\/avatar\/b83764d372c273528312bec210c5a854?s=96&d=mm&r=g","caption":"babad"},"logo":{"@id":"https:\/\/babad.fr\/#\/schema\/person\/image\/"}}]}},"_links":{"self":[{"href":"https:\/\/babad.fr\/index.php\/wp-json\/wp\/v2\/pages\/435"}],"collection":[{"href":"https:\/\/babad.fr\/index.php\/wp-json\/wp\/v2\/pages"}],"about":[{"href":"https:\/\/babad.fr\/index.php\/wp-json\/wp\/v2\/types\/page"}],"author":[{"embeddable":true,"href":"https:\/\/babad.fr\/index.php\/wp-json\/wp\/v2\/users\/1"}],"replies":[{"embeddable":true,"href":"https:\/\/babad.fr\/index.php\/wp-json\/wp\/v2\/comments?post=435"}],"version-history":[{"count":2,"href":"https:\/\/babad.fr\/index.php\/wp-json\/wp\/v2\/pages\/435\/revisions"}],"predecessor-version":[{"id":442,"href":"https:\/\/babad.fr\/index.php\/wp-json\/wp\/v2\/pages\/435\/revisions\/442"}],"up":[{"embeddable":true,"href":"https:\/\/babad.fr\/index.php\/wp-json\/wp\/v2\/pages\/181"}],"wp:attachment":[{"href":"https:\/\/babad.fr\/index.php\/wp-json\/wp\/v2\/media?parent=435"}],"curies":[{"name":"wp","href":"https:\/\/api.w.org\/{rel}","templated":true}]}}