{"id":79,"date":"2017-08-02T14:41:38","date_gmt":"2017-08-02T12:41:38","guid":{"rendered":"http:\/\/babad.fr\/?page_id=79"},"modified":"2025-08-09T18:17:00","modified_gmt":"2025-08-09T16:17:00","slug":"le-staff","status":"publish","type":"page","link":"https:\/\/babad.fr\/index.php\/le-club\/le-staff\/","title":{"rendered":"Le Staff"},"content":{"rendered":"<h3><span style=\"text-decoration: underline;\">Le Bureau<\/span> :<\/h3>\n<p><strong>Pr\u00e9sident :<\/strong> MASSOT Romain &#8211; 06 79 88 38 41<br \/>\n<em>E mail <\/em>: <a class=\"o_h J_x mq_CZ G_e r_P C_Z2aVTcY S4_U ac_CI rtlI_dz_sSg\" title=\"Cass_03@hotmail.fr\" href=\"mailto:yannick.caillosse@sfr.fr\" data-test-id=\"contact-card-email\">romain-massot@hotmail.fr<\/a><\/p>\n<p><strong>Vice-Pr\u00e9sidente :<\/strong> BESSON C\u00e9line &#8211; 06 73 68 94 26<br \/>\n<em>E mail <\/em>: <a href=\"mailto:celinebesson2015@gmail.com\">celinebesson2015@gmail.com<\/a><\/p>\n<p><strong>Tr\u00e9sorier :<\/strong> KEMBELLEC Fabien &#8211; 06 16 31 60 74<br \/>\n<em>E mail <\/em>: <a href=\"mailto:fabien.kembellec@free.fr\">fabien.kembellec@free.fr<\/a><\/p>\n<p><strong>Secr\u00e9taire et Responsable Licence <\/strong><strong>:<\/strong> EXARTIER J\u00e9r\u00f4me &#8211; 06 84 49 96 39<br \/>\n<em>E mail <\/em>: <a href=\"mailto:exartier.jerome@free.fr\">exartier.jerome@free.fr<\/a><\/p>\n<p><strong>Responsable tournois :<\/strong> COINDEAU St\u00e9phane &#8211; 06 77 16 03 27<br \/>\n<em>E mail <\/em>: <a href=\"mailto:s.coindeau@free.fr\">s.coindeau@free.fr<\/a><\/p>\n<p><strong>Autres membres du bureau : <\/strong>BONNARDEL Caroline, BAR Antoine, BARDOSSE Emmanuel,<\/p>\n<p>BAROU Ludovic, BERTORELLO Loic, MILLS Cl\u00e9ment et TRANCHANT Robin<\/p>\n<p><strong><span style=\"text-decoration: underline;\">Entra\u00eeneur Jeune et comp\u00e9titions :\u00a0 <\/span><\/strong>Nathan DEMARE<strong><br \/>\n<\/strong><\/p>\n<p><strong>Entra\u00eeneur Loisirs :\u00a0 <\/strong>Christophe ROUX<strong><br \/>\n<\/strong><\/p>\n","protected":false},"excerpt":{"rendered":"<p>Le Bureau : Pr\u00e9sident : MASSOT Romain &#8211; 06 79 88 38 41 E mail : romain-massot@hotmail.fr Vice-Pr\u00e9sidente : BESSON C\u00e9line &#8211; 06 73 68 94 26 E mail : celinebesson2015@gmail.com Tr\u00e9sorier : KEMBELLEC Fabien &#8211; 06 16 31 60 74 E mail : fabien.kembellec@free.fr Secr\u00e9taire et Responsable Licence : EXARTIER J\u00e9r\u00f4me &#8211; 06 84 [&hellip;]<\/p>\n","protected":false},"author":1,"featured_media":0,"parent":77,"menu_order":1,"comment_status":"closed","ping_status":"closed","template":"","meta":{"footnotes":""},"yoast_head":"<!-- This site is optimized with the Yoast SEO plugin v21.7 - https:\/\/yoast.com\/wordpress\/plugins\/seo\/ -->\n<title>Le Staff - B-A Bad des Commiers (BBC38)<\/title>\n<meta name=\"robots\" content=\"index, follow, max-snippet:-1, max-image-preview:large, max-video-preview:-1\" \/>\n<link rel=\"canonical\" href=\"https:\/\/babad.fr\/index.php\/le-club\/le-staff\/\" \/>\n<meta property=\"og:locale\" content=\"fr_FR\" \/>\n<meta property=\"og:type\" content=\"article\" \/>\n<meta property=\"og:title\" content=\"Le Staff - B-A Bad des Commiers (BBC38)\" \/>\n<meta property=\"og:description\" content=\"Le Bureau : Pr\u00e9sident : MASSOT Romain &#8211; 06 79 88 38 41 E mail : romain-massot@hotmail.fr Vice-Pr\u00e9sidente : BESSON C\u00e9line &#8211; 06 73 68 94 26 E mail : celinebesson2015@gmail.com Tr\u00e9sorier : KEMBELLEC Fabien &#8211; 06 16 31 60 74 E mail : fabien.kembellec@free.fr Secr\u00e9taire et Responsable Licence : EXARTIER J\u00e9r\u00f4me &#8211; 06 84 [&hellip;]\" \/>\n<meta property=\"og:url\" content=\"https:\/\/babad.fr\/index.php\/le-club\/le-staff\/\" \/>\n<meta property=\"og:site_name\" content=\"B-A Bad des Commiers (BBC38)\" \/>\n<meta property=\"article:modified_time\" content=\"2025-08-09T16:17:00+00:00\" \/>\n<meta name=\"twitter:card\" content=\"summary_large_image\" \/>\n<meta name=\"twitter:label1\" content=\"Dur\u00e9e de lecture estim\u00e9e\" \/>\n\t<meta name=\"twitter:data1\" content=\"1 minute\" \/>\n<script type=\"application\/ld+json\" class=\"yoast-schema-graph\">{\"@context\":\"https:\/\/schema.org\",\"@graph\":[{\"@type\":\"WebPage\",\"@id\":\"https:\/\/babad.fr\/index.php\/le-club\/le-staff\/\",\"url\":\"https:\/\/babad.fr\/index.php\/le-club\/le-staff\/\",\"name\":\"Le Staff - B-A Bad des Commiers (BBC38)\",\"isPartOf\":{\"@id\":\"https:\/\/babad.fr\/#website\"},\"datePublished\":\"2017-08-02T12:41:38+00:00\",\"dateModified\":\"2025-08-09T16:17:00+00:00\",\"breadcrumb\":{\"@id\":\"https:\/\/babad.fr\/index.php\/le-club\/le-staff\/#breadcrumb\"},\"inLanguage\":\"fr-FR\",\"potentialAction\":[{\"@type\":\"ReadAction\",\"target\":[\"https:\/\/babad.fr\/index.php\/le-club\/le-staff\/\"]}]},{\"@type\":\"BreadcrumbList\",\"@id\":\"https:\/\/babad.fr\/index.php\/le-club\/le-staff\/#breadcrumb\",\"itemListElement\":[{\"@type\":\"ListItem\",\"position\":1,\"name\":\"Accueil\",\"item\":\"https:\/\/babad.fr\/\"},{\"@type\":\"ListItem\",\"position\":2,\"name\":\"Le Club\",\"item\":\"https:\/\/babad.fr\/index.php\/le-club\/\"},{\"@type\":\"ListItem\",\"position\":3,\"name\":\"Le Staff\"}]},{\"@type\":\"WebSite\",\"@id\":\"https:\/\/babad.fr\/#website\",\"url\":\"https:\/\/babad.fr\/\",\"name\":\"B-A Bad des Commiers (BBC38)\",\"description\":\"Le club de badminton de Saint Georges de Commiers, affili\u00e9 \u00e0 la f\u00e9d\u00e9ration fran\u00e7aise de badminton, vous accueille au gymnase des Combettes tous les mercredis, jeudis et vendredis soirs et le samedi matin et met \u00e0 votre disposition 4 terrains pour jouer en loisirs ou en comp\u00e9tition.\",\"publisher\":{\"@id\":\"https:\/\/babad.fr\/#\/schema\/person\/e8a11ed124097a9c25882474f5a403d5\"},\"potentialAction\":[{\"@type\":\"SearchAction\",\"target\":{\"@type\":\"EntryPoint\",\"urlTemplate\":\"https:\/\/babad.fr\/?s={search_term_string}\"},\"query-input\":\"required name=search_term_string\"}],\"inLanguage\":\"fr-FR\"},{\"@type\":[\"Person\",\"Organization\"],\"@id\":\"https:\/\/babad.fr\/#\/schema\/person\/e8a11ed124097a9c25882474f5a403d5\",\"name\":\"babad\",\"image\":{\"@type\":\"ImageObject\",\"inLanguage\":\"fr-FR\",\"@id\":\"https:\/\/babad.fr\/#\/schema\/person\/image\/\",\"url\":\"https:\/\/secure.gravatar.com\/avatar\/b83764d372c273528312bec210c5a854?s=96&d=mm&r=g\",\"contentUrl\":\"https:\/\/secure.gravatar.com\/avatar\/b83764d372c273528312bec210c5a854?s=96&d=mm&r=g\",\"caption\":\"babad\"},\"logo\":{\"@id\":\"https:\/\/babad.fr\/#\/schema\/person\/image\/\"}}]}<\/script>\n<!-- \/ Yoast SEO plugin. -->","yoast_head_json":{"title":"Le Staff - B-A Bad des Commiers (BBC38)","robots":{"index":"index","follow":"follow","max-snippet":"max-snippet:-1","max-image-preview":"max-image-preview:large","max-video-preview":"max-video-preview:-1"},"canonical":"https:\/\/babad.fr\/index.php\/le-club\/le-staff\/","og_locale":"fr_FR","og_type":"article","og_title":"Le Staff - B-A Bad des Commiers (BBC38)","og_description":"Le Bureau : Pr\u00e9sident : MASSOT Romain &#8211; 06 79 88 38 41 E mail : romain-massot@hotmail.fr Vice-Pr\u00e9sidente : BESSON C\u00e9line &#8211; 06 73 68 94 26 E mail : celinebesson2015@gmail.com Tr\u00e9sorier : KEMBELLEC Fabien &#8211; 06 16 31 60 74 E mail : fabien.kembellec@free.fr Secr\u00e9taire et Responsable Licence : EXARTIER J\u00e9r\u00f4me &#8211; 06 84 [&hellip;]","og_url":"https:\/\/babad.fr\/index.php\/le-club\/le-staff\/","og_site_name":"B-A Bad des Commiers (BBC38)","article_modified_time":"2025-08-09T16:17:00+00:00","twitter_card":"summary_large_image","twitter_misc":{"Dur\u00e9e de lecture estim\u00e9e":"1 minute"},"schema":{"@context":"https:\/\/schema.org","@graph":[{"@type":"WebPage","@id":"https:\/\/babad.fr\/index.php\/le-club\/le-staff\/","url":"https:\/\/babad.fr\/index.php\/le-club\/le-staff\/","name":"Le Staff - B-A Bad des Commiers (BBC38)","isPartOf":{"@id":"https:\/\/babad.fr\/#website"},"datePublished":"2017-08-02T12:41:38+00:00","dateModified":"2025-08-09T16:17:00+00:00","breadcrumb":{"@id":"https:\/\/babad.fr\/index.php\/le-club\/le-staff\/#breadcrumb"},"inLanguage":"fr-FR","potentialAction":[{"@type":"ReadAction","target":["https:\/\/babad.fr\/index.php\/le-club\/le-staff\/"]}]},{"@type":"BreadcrumbList","@id":"https:\/\/babad.fr\/index.php\/le-club\/le-staff\/#breadcrumb","itemListElement":[{"@type":"ListItem","position":1,"name":"Accueil","item":"https:\/\/babad.fr\/"},{"@type":"ListItem","position":2,"name":"Le Club","item":"https:\/\/babad.fr\/index.php\/le-club\/"},{"@type":"ListItem","position":3,"name":"Le Staff"}]},{"@type":"WebSite","@id":"https:\/\/babad.fr\/#website","url":"https:\/\/babad.fr\/","name":"B-A Bad des Commiers (BBC38)","description":"Le club de badminton de Saint Georges de Commiers, affili\u00e9 \u00e0 la f\u00e9d\u00e9ration fran\u00e7aise de badminton, vous accueille au gymnase des Combettes tous les mercredis, jeudis et vendredis soirs et le samedi matin et met \u00e0 votre disposition 4 terrains pour jouer en loisirs ou en comp\u00e9tition.","publisher":{"@id":"https:\/\/babad.fr\/#\/schema\/person\/e8a11ed124097a9c25882474f5a403d5"},"potentialAction":[{"@type":"SearchAction","target":{"@type":"EntryPoint","urlTemplate":"https:\/\/babad.fr\/?s={search_term_string}"},"query-input":"required name=search_term_string"}],"inLanguage":"fr-FR"},{"@type":["Person","Organization"],"@id":"https:\/\/babad.fr\/#\/schema\/person\/e8a11ed124097a9c25882474f5a403d5","name":"babad","image":{"@type":"ImageObject","inLanguage":"fr-FR","@id":"https:\/\/babad.fr\/#\/schema\/person\/image\/","url":"https:\/\/secure.gravatar.com\/avatar\/b83764d372c273528312bec210c5a854?s=96&d=mm&r=g","contentUrl":"https:\/\/secure.gravatar.com\/avatar\/b83764d372c273528312bec210c5a854?s=96&d=mm&r=g","caption":"babad"},"logo":{"@id":"https:\/\/babad.fr\/#\/schema\/person\/image\/"}}]}},"_links":{"self":[{"href":"https:\/\/babad.fr\/index.php\/wp-json\/wp\/v2\/pages\/79"}],"collection":[{"href":"https:\/\/babad.fr\/index.php\/wp-json\/wp\/v2\/pages"}],"about":[{"href":"https:\/\/babad.fr\/index.php\/wp-json\/wp\/v2\/types\/page"}],"author":[{"embeddable":true,"href":"https:\/\/babad.fr\/index.php\/wp-json\/wp\/v2\/users\/1"}],"replies":[{"embeddable":true,"href":"https:\/\/babad.fr\/index.php\/wp-json\/wp\/v2\/comments?post=79"}],"version-history":[{"count":19,"href":"https:\/\/babad.fr\/index.php\/wp-json\/wp\/v2\/pages\/79\/revisions"}],"predecessor-version":[{"id":837,"href":"https:\/\/babad.fr\/index.php\/wp-json\/wp\/v2\/pages\/79\/revisions\/837"}],"up":[{"embeddable":true,"href":"https:\/\/babad.fr\/index.php\/wp-json\/wp\/v2\/pages\/77"}],"wp:attachment":[{"href":"https:\/\/babad.fr\/index.php\/wp-json\/wp\/v2\/media?parent=79"}],"curies":[{"name":"wp","href":"https:\/\/api.w.org\/{rel}","templated":true}]}}