{"id":87,"date":"2017-08-02T15:10:56","date_gmt":"2017-08-02T13:10:56","guid":{"rendered":"http:\/\/babad.fr\/?page_id=87"},"modified":"2022-08-19T16:48:58","modified_gmt":"2022-08-19T14:48:58","slug":"qui-sommes-nous","status":"publish","type":"page","link":"https:\/\/babad.fr\/index.php\/le-club\/qui-sommes-nous\/","title":{"rendered":"Qui sommes-nous ?"},"content":{"rendered":"<p>Le BA Bad des Commiers (BBC 38), a \u00e9t\u00e9 cr\u00e9\u00e9 en 1998 par une petite bande de passionn\u00e9s. Il r\u00e9unissait \u00e0 ses d\u00e9buts une poign\u00e9e d&rsquo;hommes et de femmes motiv\u00e9s par le jeu et la convivialit\u00e9. Hormis l&rsquo;ann\u00e9e pass\u00e9e, le BBC compte un peu plus de soixante-dix licenci\u00e9s.<\/p>\n<p>Se c\u00f4toient sur 4 terrains au gymnase des Combettes des joueurs exp\u00e9riment\u00e9s ainsi que des d\u00e9butants de l&rsquo;\u00e2ge de 12 ans \u00e0\u2026 un peu plus ! Le club esp\u00e8re de nouveau accueillir une douzaine d&rsquo;enfants de primaire ( du CE1 au CM2 ) le mercredi.<\/p>\n<p>Le club monte g\u00e9n\u00e9ralement 4 \u00e9quipes d&rsquo;interclub (tournois d\u00e9partementaux entre clubs de badminton is\u00e9rois se d\u00e9roulant en 10 soir\u00e9es de 5 matchs : un simple homme, un simple dame, un double hommes, un double dames et un double mixte).<\/p>\n<p>Depuis plusieurs ann\u00e9es, le club organise un tournoi d\u00e9partemental v\u00e9t\u00e9ran :\u00a0 tournoi r\u00e9unissant les joueurs de plus de 35 ans. Cette ann\u00e9e encore, le club r\u00e9it\u00e9rera l&rsquo;exp\u00e9rience le dernier week-end de\u00a0 Janvier 2023.<\/p>\n<p>Pour tout renseignement et\/ou inscription, le club sera pr\u00e9sent le samedi 3 septembre 2022 de 14H \u00e0 18H au forum des associations de St Georges de Commiers (gymnase des Combettes) et de Jarrie \/ Champ Sur Drac .<\/p>\n<p>Alors n&rsquo;h\u00e9sitez plus et rejoignez-nous !<\/p>\n","protected":false},"excerpt":{"rendered":"<p>Le BA Bad des Commiers (BBC 38), a \u00e9t\u00e9 cr\u00e9\u00e9 en 1998 par une petite bande de passionn\u00e9s. Il r\u00e9unissait \u00e0 ses d\u00e9buts une poign\u00e9e d&rsquo;hommes et de femmes motiv\u00e9s par le jeu et la convivialit\u00e9. Hormis l&rsquo;ann\u00e9e pass\u00e9e, le BBC compte un peu plus de soixante-dix licenci\u00e9s. Se c\u00f4toient sur 4 terrains au gymnase [&hellip;]<\/p>\n","protected":false},"author":1,"featured_media":0,"parent":77,"menu_order":0,"comment_status":"closed","ping_status":"closed","template":"","meta":{"footnotes":""},"yoast_head":"<!-- This site is optimized with the Yoast SEO plugin v21.7 - https:\/\/yoast.com\/wordpress\/plugins\/seo\/ -->\n<title>Qui sommes-nous ? - B-A Bad des Commiers (BBC38)<\/title>\n<meta name=\"robots\" content=\"index, follow, max-snippet:-1, max-image-preview:large, max-video-preview:-1\" \/>\n<link rel=\"canonical\" href=\"https:\/\/babad.fr\/index.php\/le-club\/qui-sommes-nous\/\" \/>\n<meta property=\"og:locale\" content=\"fr_FR\" \/>\n<meta property=\"og:type\" content=\"article\" \/>\n<meta property=\"og:title\" content=\"Qui sommes-nous ? - B-A Bad des Commiers (BBC38)\" \/>\n<meta property=\"og:description\" content=\"Le BA Bad des Commiers (BBC 38), a \u00e9t\u00e9 cr\u00e9\u00e9 en 1998 par une petite bande de passionn\u00e9s. Il r\u00e9unissait \u00e0 ses d\u00e9buts une poign\u00e9e d&rsquo;hommes et de femmes motiv\u00e9s par le jeu et la convivialit\u00e9. Hormis l&rsquo;ann\u00e9e pass\u00e9e, le BBC compte un peu plus de soixante-dix licenci\u00e9s. Se c\u00f4toient sur 4 terrains au gymnase [&hellip;]\" \/>\n<meta property=\"og:url\" content=\"https:\/\/babad.fr\/index.php\/le-club\/qui-sommes-nous\/\" \/>\n<meta property=\"og:site_name\" content=\"B-A Bad des Commiers (BBC38)\" \/>\n<meta property=\"article:modified_time\" content=\"2022-08-19T14:48:58+00:00\" \/>\n<meta name=\"twitter:card\" content=\"summary_large_image\" \/>\n<meta name=\"twitter:label1\" content=\"Dur\u00e9e de lecture estim\u00e9e\" \/>\n\t<meta name=\"twitter:data1\" content=\"1 minute\" \/>\n<script type=\"application\/ld+json\" class=\"yoast-schema-graph\">{\"@context\":\"https:\/\/schema.org\",\"@graph\":[{\"@type\":\"WebPage\",\"@id\":\"https:\/\/babad.fr\/index.php\/le-club\/qui-sommes-nous\/\",\"url\":\"https:\/\/babad.fr\/index.php\/le-club\/qui-sommes-nous\/\",\"name\":\"Qui sommes-nous ? - B-A Bad des Commiers (BBC38)\",\"isPartOf\":{\"@id\":\"https:\/\/babad.fr\/#website\"},\"datePublished\":\"2017-08-02T13:10:56+00:00\",\"dateModified\":\"2022-08-19T14:48:58+00:00\",\"breadcrumb\":{\"@id\":\"https:\/\/babad.fr\/index.php\/le-club\/qui-sommes-nous\/#breadcrumb\"},\"inLanguage\":\"fr-FR\",\"potentialAction\":[{\"@type\":\"ReadAction\",\"target\":[\"https:\/\/babad.fr\/index.php\/le-club\/qui-sommes-nous\/\"]}]},{\"@type\":\"BreadcrumbList\",\"@id\":\"https:\/\/babad.fr\/index.php\/le-club\/qui-sommes-nous\/#breadcrumb\",\"itemListElement\":[{\"@type\":\"ListItem\",\"position\":1,\"name\":\"Accueil\",\"item\":\"https:\/\/babad.fr\/\"},{\"@type\":\"ListItem\",\"position\":2,\"name\":\"Le Club\",\"item\":\"https:\/\/babad.fr\/index.php\/le-club\/\"},{\"@type\":\"ListItem\",\"position\":3,\"name\":\"Qui sommes-nous ?\"}]},{\"@type\":\"WebSite\",\"@id\":\"https:\/\/babad.fr\/#website\",\"url\":\"https:\/\/babad.fr\/\",\"name\":\"B-A Bad des Commiers (BBC38)\",\"description\":\"Le club de badminton de Saint Georges de Commiers, affili\u00e9 \u00e0 la f\u00e9d\u00e9ration fran\u00e7aise de badminton, vous accueille au gymnase des Combettes tous les mercredis, jeudis et vendredis soirs et le samedi matin et met \u00e0 votre disposition 4 terrains pour jouer en loisirs ou en comp\u00e9tition.\",\"publisher\":{\"@id\":\"https:\/\/babad.fr\/#\/schema\/person\/e8a11ed124097a9c25882474f5a403d5\"},\"potentialAction\":[{\"@type\":\"SearchAction\",\"target\":{\"@type\":\"EntryPoint\",\"urlTemplate\":\"https:\/\/babad.fr\/?s={search_term_string}\"},\"query-input\":\"required name=search_term_string\"}],\"inLanguage\":\"fr-FR\"},{\"@type\":[\"Person\",\"Organization\"],\"@id\":\"https:\/\/babad.fr\/#\/schema\/person\/e8a11ed124097a9c25882474f5a403d5\",\"name\":\"babad\",\"image\":{\"@type\":\"ImageObject\",\"inLanguage\":\"fr-FR\",\"@id\":\"https:\/\/babad.fr\/#\/schema\/person\/image\/\",\"url\":\"https:\/\/secure.gravatar.com\/avatar\/b83764d372c273528312bec210c5a854?s=96&d=mm&r=g\",\"contentUrl\":\"https:\/\/secure.gravatar.com\/avatar\/b83764d372c273528312bec210c5a854?s=96&d=mm&r=g\",\"caption\":\"babad\"},\"logo\":{\"@id\":\"https:\/\/babad.fr\/#\/schema\/person\/image\/\"}}]}<\/script>\n<!-- \/ Yoast SEO plugin. -->","yoast_head_json":{"title":"Qui sommes-nous ? - B-A Bad des Commiers (BBC38)","robots":{"index":"index","follow":"follow","max-snippet":"max-snippet:-1","max-image-preview":"max-image-preview:large","max-video-preview":"max-video-preview:-1"},"canonical":"https:\/\/babad.fr\/index.php\/le-club\/qui-sommes-nous\/","og_locale":"fr_FR","og_type":"article","og_title":"Qui sommes-nous ? - B-A Bad des Commiers (BBC38)","og_description":"Le BA Bad des Commiers (BBC 38), a \u00e9t\u00e9 cr\u00e9\u00e9 en 1998 par une petite bande de passionn\u00e9s. Il r\u00e9unissait \u00e0 ses d\u00e9buts une poign\u00e9e d&rsquo;hommes et de femmes motiv\u00e9s par le jeu et la convivialit\u00e9. Hormis l&rsquo;ann\u00e9e pass\u00e9e, le BBC compte un peu plus de soixante-dix licenci\u00e9s. Se c\u00f4toient sur 4 terrains au gymnase [&hellip;]","og_url":"https:\/\/babad.fr\/index.php\/le-club\/qui-sommes-nous\/","og_site_name":"B-A Bad des Commiers (BBC38)","article_modified_time":"2022-08-19T14:48:58+00:00","twitter_card":"summary_large_image","twitter_misc":{"Dur\u00e9e de lecture estim\u00e9e":"1 minute"},"schema":{"@context":"https:\/\/schema.org","@graph":[{"@type":"WebPage","@id":"https:\/\/babad.fr\/index.php\/le-club\/qui-sommes-nous\/","url":"https:\/\/babad.fr\/index.php\/le-club\/qui-sommes-nous\/","name":"Qui sommes-nous ? - B-A Bad des Commiers (BBC38)","isPartOf":{"@id":"https:\/\/babad.fr\/#website"},"datePublished":"2017-08-02T13:10:56+00:00","dateModified":"2022-08-19T14:48:58+00:00","breadcrumb":{"@id":"https:\/\/babad.fr\/index.php\/le-club\/qui-sommes-nous\/#breadcrumb"},"inLanguage":"fr-FR","potentialAction":[{"@type":"ReadAction","target":["https:\/\/babad.fr\/index.php\/le-club\/qui-sommes-nous\/"]}]},{"@type":"BreadcrumbList","@id":"https:\/\/babad.fr\/index.php\/le-club\/qui-sommes-nous\/#breadcrumb","itemListElement":[{"@type":"ListItem","position":1,"name":"Accueil","item":"https:\/\/babad.fr\/"},{"@type":"ListItem","position":2,"name":"Le Club","item":"https:\/\/babad.fr\/index.php\/le-club\/"},{"@type":"ListItem","position":3,"name":"Qui sommes-nous ?"}]},{"@type":"WebSite","@id":"https:\/\/babad.fr\/#website","url":"https:\/\/babad.fr\/","name":"B-A Bad des Commiers (BBC38)","description":"Le club de badminton de Saint Georges de Commiers, affili\u00e9 \u00e0 la f\u00e9d\u00e9ration fran\u00e7aise de badminton, vous accueille au gymnase des Combettes tous les mercredis, jeudis et vendredis soirs et le samedi matin et met \u00e0 votre disposition 4 terrains pour jouer en loisirs ou en comp\u00e9tition.","publisher":{"@id":"https:\/\/babad.fr\/#\/schema\/person\/e8a11ed124097a9c25882474f5a403d5"},"potentialAction":[{"@type":"SearchAction","target":{"@type":"EntryPoint","urlTemplate":"https:\/\/babad.fr\/?s={search_term_string}"},"query-input":"required name=search_term_string"}],"inLanguage":"fr-FR"},{"@type":["Person","Organization"],"@id":"https:\/\/babad.fr\/#\/schema\/person\/e8a11ed124097a9c25882474f5a403d5","name":"babad","image":{"@type":"ImageObject","inLanguage":"fr-FR","@id":"https:\/\/babad.fr\/#\/schema\/person\/image\/","url":"https:\/\/secure.gravatar.com\/avatar\/b83764d372c273528312bec210c5a854?s=96&d=mm&r=g","contentUrl":"https:\/\/secure.gravatar.com\/avatar\/b83764d372c273528312bec210c5a854?s=96&d=mm&r=g","caption":"babad"},"logo":{"@id":"https:\/\/babad.fr\/#\/schema\/person\/image\/"}}]}},"_links":{"self":[{"href":"https:\/\/babad.fr\/index.php\/wp-json\/wp\/v2\/pages\/87"}],"collection":[{"href":"https:\/\/babad.fr\/index.php\/wp-json\/wp\/v2\/pages"}],"about":[{"href":"https:\/\/babad.fr\/index.php\/wp-json\/wp\/v2\/types\/page"}],"author":[{"embeddable":true,"href":"https:\/\/babad.fr\/index.php\/wp-json\/wp\/v2\/users\/1"}],"replies":[{"embeddable":true,"href":"https:\/\/babad.fr\/index.php\/wp-json\/wp\/v2\/comments?post=87"}],"version-history":[{"count":6,"href":"https:\/\/babad.fr\/index.php\/wp-json\/wp\/v2\/pages\/87\/revisions"}],"predecessor-version":[{"id":710,"href":"https:\/\/babad.fr\/index.php\/wp-json\/wp\/v2\/pages\/87\/revisions\/710"}],"up":[{"embeddable":true,"href":"https:\/\/babad.fr\/index.php\/wp-json\/wp\/v2\/pages\/77"}],"wp:attachment":[{"href":"https:\/\/babad.fr\/index.php\/wp-json\/wp\/v2\/media?parent=87"}],"curies":[{"name":"wp","href":"https:\/\/api.w.org\/{rel}","templated":true}]}}