{"id":92,"date":"2017-08-02T16:26:42","date_gmt":"2017-08-02T14:26:42","guid":{"rendered":"http:\/\/babad.fr\/?page_id=92"},"modified":"2021-08-23T14:01:20","modified_gmt":"2021-08-23T12:01:20","slug":"materiel","status":"publish","type":"page","link":"https:\/\/babad.fr\/index.php\/le-club\/materiel\/","title":{"rendered":"Mat\u00e9riel"},"content":{"rendered":"<p>Vous voulez vous \u00e9quiper?<\/p>\n<p>Avant de vous pr\u00e9cipiter dans le magasin le plus proche, quelques informations utiles :<\/p>\n<p>Au niveau du club :<\/p>\n<ul>\n<li>Nous\u00a0vendons quelques maillots flock\u00e9s au nom du club\u00a0\u00e0 25 \u20ac, mod\u00e8le\u00a0homme ou femme<\/li>\n<li>Nous vendons \u00e9galement des tubes de 12 volants plumes \u00e0 14 \u20ac<\/li>\n<\/ul>\n<p>Nous avons un partenariat avec You Bad It\u00a0 et vous pourrez ainsi b\u00e9n\u00e9ficier :<\/p>\n<ul>\n<li>d&rsquo;une remise de 20 % sur le mat\u00e9riel achet\u00e9 en magasin<\/li>\n<li>d&rsquo;une bobine de cordage gratuite pour les licenci\u00e9s, il vous\u00a0restera ainsi seulement\u00a0les 10 euros de main d&rsquo;\u0153uvre \u00e0 votre charge<\/li>\n<\/ul>\n<p style=\"text-align: center;\"><a href=\"http:\/\/www.youbadit.fr\/\" target=\"_blank\" rel=\"noopener\"><img loading=\"lazy\" decoding=\"async\" class=\"aligncenter wp-image-94 size-medium\" src=\"https:\/\/babad.fr\/wp-content\/uploads\/2017\/08\/logo-you-bad-it-300x81.jpg\" alt=\"\" width=\"300\" height=\"81\" srcset=\"https:\/\/babad.fr\/wp-content\/uploads\/2017\/08\/logo-you-bad-it-300x81.jpg 300w, https:\/\/babad.fr\/wp-content\/uploads\/2017\/08\/logo-you-bad-it.jpg 435w\" sizes=\"(max-width: 300px) 100vw, 300px\" \/><\/a>16 rue Nicolas Chorier<br \/>\n38000 Grenoble<\/p>\n","protected":false},"excerpt":{"rendered":"<p>Vous voulez vous \u00e9quiper? Avant de vous pr\u00e9cipiter dans le magasin le plus proche, quelques informations utiles : Au niveau du club : Nous\u00a0vendons quelques maillots flock\u00e9s au nom du club\u00a0\u00e0 25 \u20ac, mod\u00e8le\u00a0homme ou femme Nous vendons \u00e9galement des tubes de 12 volants plumes \u00e0 14 \u20ac Nous avons un partenariat avec You Bad [&hellip;]<\/p>\n","protected":false},"author":1,"featured_media":0,"parent":77,"menu_order":4,"comment_status":"closed","ping_status":"closed","template":"","meta":{"footnotes":""},"yoast_head":"<!-- This site is optimized with the Yoast SEO plugin v21.7 - https:\/\/yoast.com\/wordpress\/plugins\/seo\/ -->\n<title>Mat\u00e9riel - B-A Bad des Commiers (BBC38)<\/title>\n<meta name=\"robots\" content=\"index, follow, max-snippet:-1, max-image-preview:large, max-video-preview:-1\" \/>\n<link rel=\"canonical\" href=\"https:\/\/babad.fr\/index.php\/le-club\/materiel\/\" \/>\n<meta property=\"og:locale\" content=\"fr_FR\" \/>\n<meta property=\"og:type\" content=\"article\" \/>\n<meta property=\"og:title\" content=\"Mat\u00e9riel - B-A Bad des Commiers (BBC38)\" \/>\n<meta property=\"og:description\" content=\"Vous voulez vous \u00e9quiper? Avant de vous pr\u00e9cipiter dans le magasin le plus proche, quelques informations utiles : Au niveau du club : Nous\u00a0vendons quelques maillots flock\u00e9s au nom du club\u00a0\u00e0 25 \u20ac, mod\u00e8le\u00a0homme ou femme Nous vendons \u00e9galement des tubes de 12 volants plumes \u00e0 14 \u20ac Nous avons un partenariat avec You Bad [&hellip;]\" \/>\n<meta property=\"og:url\" content=\"https:\/\/babad.fr\/index.php\/le-club\/materiel\/\" \/>\n<meta property=\"og:site_name\" content=\"B-A Bad des Commiers (BBC38)\" \/>\n<meta property=\"article:modified_time\" content=\"2021-08-23T12:01:20+00:00\" \/>\n<meta property=\"og:image\" content=\"http:\/\/babad.fr\/wp-content\/uploads\/2017\/08\/logo-you-bad-it-300x81.jpg\" \/>\n<meta name=\"twitter:card\" content=\"summary_large_image\" \/>\n<script type=\"application\/ld+json\" class=\"yoast-schema-graph\">{\"@context\":\"https:\/\/schema.org\",\"@graph\":[{\"@type\":\"WebPage\",\"@id\":\"https:\/\/babad.fr\/index.php\/le-club\/materiel\/\",\"url\":\"https:\/\/babad.fr\/index.php\/le-club\/materiel\/\",\"name\":\"Mat\u00e9riel - B-A Bad des Commiers (BBC38)\",\"isPartOf\":{\"@id\":\"https:\/\/babad.fr\/#website\"},\"datePublished\":\"2017-08-02T14:26:42+00:00\",\"dateModified\":\"2021-08-23T12:01:20+00:00\",\"breadcrumb\":{\"@id\":\"https:\/\/babad.fr\/index.php\/le-club\/materiel\/#breadcrumb\"},\"inLanguage\":\"fr-FR\",\"potentialAction\":[{\"@type\":\"ReadAction\",\"target\":[\"https:\/\/babad.fr\/index.php\/le-club\/materiel\/\"]}]},{\"@type\":\"BreadcrumbList\",\"@id\":\"https:\/\/babad.fr\/index.php\/le-club\/materiel\/#breadcrumb\",\"itemListElement\":[{\"@type\":\"ListItem\",\"position\":1,\"name\":\"Accueil\",\"item\":\"https:\/\/babad.fr\/\"},{\"@type\":\"ListItem\",\"position\":2,\"name\":\"Le Club\",\"item\":\"https:\/\/babad.fr\/index.php\/le-club\/\"},{\"@type\":\"ListItem\",\"position\":3,\"name\":\"Mat\u00e9riel\"}]},{\"@type\":\"WebSite\",\"@id\":\"https:\/\/babad.fr\/#website\",\"url\":\"https:\/\/babad.fr\/\",\"name\":\"B-A Bad des Commiers (BBC38)\",\"description\":\"Le club de badminton de Saint Georges de Commiers, affili\u00e9 \u00e0 la f\u00e9d\u00e9ration fran\u00e7aise de badminton, vous accueille au gymnase des Combettes tous les mercredis, jeudis et vendredis soirs et le samedi matin et met \u00e0 votre disposition 4 terrains pour jouer en loisirs ou en comp\u00e9tition.\",\"publisher\":{\"@id\":\"https:\/\/babad.fr\/#\/schema\/person\/e8a11ed124097a9c25882474f5a403d5\"},\"potentialAction\":[{\"@type\":\"SearchAction\",\"target\":{\"@type\":\"EntryPoint\",\"urlTemplate\":\"https:\/\/babad.fr\/?s={search_term_string}\"},\"query-input\":\"required name=search_term_string\"}],\"inLanguage\":\"fr-FR\"},{\"@type\":[\"Person\",\"Organization\"],\"@id\":\"https:\/\/babad.fr\/#\/schema\/person\/e8a11ed124097a9c25882474f5a403d5\",\"name\":\"babad\",\"image\":{\"@type\":\"ImageObject\",\"inLanguage\":\"fr-FR\",\"@id\":\"https:\/\/babad.fr\/#\/schema\/person\/image\/\",\"url\":\"https:\/\/secure.gravatar.com\/avatar\/b83764d372c273528312bec210c5a854?s=96&d=mm&r=g\",\"contentUrl\":\"https:\/\/secure.gravatar.com\/avatar\/b83764d372c273528312bec210c5a854?s=96&d=mm&r=g\",\"caption\":\"babad\"},\"logo\":{\"@id\":\"https:\/\/babad.fr\/#\/schema\/person\/image\/\"}}]}<\/script>\n<!-- \/ Yoast SEO plugin. -->","yoast_head_json":{"title":"Mat\u00e9riel - B-A Bad des Commiers (BBC38)","robots":{"index":"index","follow":"follow","max-snippet":"max-snippet:-1","max-image-preview":"max-image-preview:large","max-video-preview":"max-video-preview:-1"},"canonical":"https:\/\/babad.fr\/index.php\/le-club\/materiel\/","og_locale":"fr_FR","og_type":"article","og_title":"Mat\u00e9riel - B-A Bad des Commiers (BBC38)","og_description":"Vous voulez vous \u00e9quiper? Avant de vous pr\u00e9cipiter dans le magasin le plus proche, quelques informations utiles : Au niveau du club : Nous\u00a0vendons quelques maillots flock\u00e9s au nom du club\u00a0\u00e0 25 \u20ac, mod\u00e8le\u00a0homme ou femme Nous vendons \u00e9galement des tubes de 12 volants plumes \u00e0 14 \u20ac Nous avons un partenariat avec You Bad [&hellip;]","og_url":"https:\/\/babad.fr\/index.php\/le-club\/materiel\/","og_site_name":"B-A Bad des Commiers (BBC38)","article_modified_time":"2021-08-23T12:01:20+00:00","og_image":[{"url":"http:\/\/babad.fr\/wp-content\/uploads\/2017\/08\/logo-you-bad-it-300x81.jpg"}],"twitter_card":"summary_large_image","schema":{"@context":"https:\/\/schema.org","@graph":[{"@type":"WebPage","@id":"https:\/\/babad.fr\/index.php\/le-club\/materiel\/","url":"https:\/\/babad.fr\/index.php\/le-club\/materiel\/","name":"Mat\u00e9riel - B-A Bad des Commiers (BBC38)","isPartOf":{"@id":"https:\/\/babad.fr\/#website"},"datePublished":"2017-08-02T14:26:42+00:00","dateModified":"2021-08-23T12:01:20+00:00","breadcrumb":{"@id":"https:\/\/babad.fr\/index.php\/le-club\/materiel\/#breadcrumb"},"inLanguage":"fr-FR","potentialAction":[{"@type":"ReadAction","target":["https:\/\/babad.fr\/index.php\/le-club\/materiel\/"]}]},{"@type":"BreadcrumbList","@id":"https:\/\/babad.fr\/index.php\/le-club\/materiel\/#breadcrumb","itemListElement":[{"@type":"ListItem","position":1,"name":"Accueil","item":"https:\/\/babad.fr\/"},{"@type":"ListItem","position":2,"name":"Le Club","item":"https:\/\/babad.fr\/index.php\/le-club\/"},{"@type":"ListItem","position":3,"name":"Mat\u00e9riel"}]},{"@type":"WebSite","@id":"https:\/\/babad.fr\/#website","url":"https:\/\/babad.fr\/","name":"B-A Bad des Commiers (BBC38)","description":"Le club de badminton de Saint Georges de Commiers, affili\u00e9 \u00e0 la f\u00e9d\u00e9ration fran\u00e7aise de badminton, vous accueille au gymnase des Combettes tous les mercredis, jeudis et vendredis soirs et le samedi matin et met \u00e0 votre disposition 4 terrains pour jouer en loisirs ou en comp\u00e9tition.","publisher":{"@id":"https:\/\/babad.fr\/#\/schema\/person\/e8a11ed124097a9c25882474f5a403d5"},"potentialAction":[{"@type":"SearchAction","target":{"@type":"EntryPoint","urlTemplate":"https:\/\/babad.fr\/?s={search_term_string}"},"query-input":"required name=search_term_string"}],"inLanguage":"fr-FR"},{"@type":["Person","Organization"],"@id":"https:\/\/babad.fr\/#\/schema\/person\/e8a11ed124097a9c25882474f5a403d5","name":"babad","image":{"@type":"ImageObject","inLanguage":"fr-FR","@id":"https:\/\/babad.fr\/#\/schema\/person\/image\/","url":"https:\/\/secure.gravatar.com\/avatar\/b83764d372c273528312bec210c5a854?s=96&d=mm&r=g","contentUrl":"https:\/\/secure.gravatar.com\/avatar\/b83764d372c273528312bec210c5a854?s=96&d=mm&r=g","caption":"babad"},"logo":{"@id":"https:\/\/babad.fr\/#\/schema\/person\/image\/"}}]}},"_links":{"self":[{"href":"https:\/\/babad.fr\/index.php\/wp-json\/wp\/v2\/pages\/92"}],"collection":[{"href":"https:\/\/babad.fr\/index.php\/wp-json\/wp\/v2\/pages"}],"about":[{"href":"https:\/\/babad.fr\/index.php\/wp-json\/wp\/v2\/types\/page"}],"author":[{"embeddable":true,"href":"https:\/\/babad.fr\/index.php\/wp-json\/wp\/v2\/users\/1"}],"replies":[{"embeddable":true,"href":"https:\/\/babad.fr\/index.php\/wp-json\/wp\/v2\/comments?post=92"}],"version-history":[{"count":6,"href":"https:\/\/babad.fr\/index.php\/wp-json\/wp\/v2\/pages\/92\/revisions"}],"predecessor-version":[{"id":659,"href":"https:\/\/babad.fr\/index.php\/wp-json\/wp\/v2\/pages\/92\/revisions\/659"}],"up":[{"embeddable":true,"href":"https:\/\/babad.fr\/index.php\/wp-json\/wp\/v2\/pages\/77"}],"wp:attachment":[{"href":"https:\/\/babad.fr\/index.php\/wp-json\/wp\/v2\/media?parent=92"}],"curies":[{"name":"wp","href":"https:\/\/api.w.org\/{rel}","templated":true}]}}